{"id":1803,"date":"2025-06-01T22:20:52","date_gmt":"2025-06-01T20:20:52","guid":{"rendered":"https:\/\/momentumofficespaces.com\/?page_id=1803"},"modified":"2025-06-08T14:09:01","modified_gmt":"2025-06-08T12:09:01","slug":"salles-de-reunion-de-formation","status":"publish","type":"page","link":"https:\/\/momentumofficespaces.com\/index.php\/salles-de-reunion-de-formation\/","title":{"rendered":"Salles de r\u00e9union &#038; de formation"},"content":{"rendered":"<div class=\"wpb-content-wrapper\"><p>[vc_row][vc_column][vc_empty_space height=\u00a0\u00bb4.25em\u00a0\u00bb alter_height=\u00a0\u00bbnone\u00a0\u00bb hide_on_desktop=\u00a0\u00bb\u00a0\u00bb hide_on_notebook=\u00a0\u00bb\u00a0\u00bb hide_on_tablet=\u00a0\u00bb\u00a0\u00bb hide_on_mobile=\u00a0\u00bb\u00a0\u00bb]<div id=\"sc_title_1041001019\"\n\t\tclass=\"sc_title color_style_default sc_title_default max_width_80_per\"><h3 class=\"sc_item_title sc_title_title sc_align_center sc_item_title_style_default\">Des espaces con\u00e7us pour vos id\u00e9es et vos d\u00e9cisions<\/h3><div class=\"sc_item_descr sc_title_descr sc_align_center\"><p>Chez Momentum Office Spaces, vos r\u00e9unions et vos formations m\u00e9ritent un cadre \u00e0 la hauteur de vos enjeux.<br \/>\nNos salles sont pens\u00e9es pour accueillir vos collaborateurs, clients ou partenaires dans un environnement \u00e9l\u00e9gant, calme et enti\u00e8rement \u00e9quip\u00e9.<br \/>\nProfessionnalisme, confidentialit\u00e9, technologie et confort. Tout y est.<\/p>\n<\/div><\/div><!-- \/.sc_title -->[vc_empty_space height=\u00a0\u00bb5.3em\u00a0\u00bb alter_height=\u00a0\u00bbnone\u00a0\u00bb hide_on_desktop=\u00a0\u00bb\u00a0\u00bb hide_on_notebook=\u00a0\u00bb\u00a0\u00bb hide_on_tablet=\u00a0\u00bb1&Prime; hide_on_mobile=\u00a0\u00bb1&Prime;][vc_empty_space height=\u00a0\u00bb2.1em\u00a0\u00bb alter_height=\u00a0\u00bbnone\u00a0\u00bb hide_on_desktop=\u00a0\u00bb1&Prime; hide_on_notebook=\u00a0\u00bb1&Prime; hide_on_tablet=\u00a0\u00bb\u00a0\u00bb hide_on_mobile=\u00a0\u00bb\u00a0\u00bb][vc_single_image image=\u00a0\u00bb1991&Prime; img_size=\u00a0\u00bbfull\u00a0\u00bb alignment=\u00a0\u00bbcenter\u00a0\u00bb css=\u00a0\u00bb\u00a0\u00bb][\/vc_column][\/vc_row][vc_row full_width=\u00a0\u00bbstretch_row_content_no_spaces\u00a0\u00bb][vc_column hide_bg_image_on_tablet=\u00a0\u00bb\u00a0\u00bb hide_bg_image_on_mobile=\u00a0\u00bb\u00a0\u00bb css=\u00a0\u00bb.vc_custom_1749384461946{padding-right: 10% !important;padding-left: 10% !important;}\u00a0\u00bb][vc_empty_space height=\u00a0\u00bb2.85em\u00a0\u00bb alter_height=\u00a0\u00bbnone\u00a0\u00bb hide_on_desktop=\u00a0\u00bb\u00a0\u00bb hide_on_notebook=\u00a0\u00bb\u00a0\u00bb hide_on_tablet=\u00a0\u00bb\u00a0\u00bb hide_on_mobile=\u00a0\u00bb\u00a0\u00bb][vc_empty_space height=\u00a0\u00bb2.85em\u00a0\u00bb alter_height=\u00a0\u00bbnone\u00a0\u00bb hide_on_desktop=\u00a0\u00bb\u00a0\u00bb hide_on_notebook=\u00a0\u00bb\u00a0\u00bb hide_on_tablet=\u00a0\u00bb\u00a0\u00bb hide_on_mobile=\u00a0\u00bb\u00a0\u00bb]<div id=\"sc_title_318038673\"\n\t\tclass=\"sc_title color_style_default sc_title_default max_width_60_per\"><h3 class=\"sc_item_title sc_title_title sc_align_center sc_item_title_style_default\">Personnalisez votre exp\u00e9rience<\/h3><div class=\"sc_item_descr sc_title_descr sc_align_center\"><ol class=\"trx_addons_list_parameters\">\n<li>Configuration des postes<\/li>\n<li>Branding et identit\u00e9 visuelle de votre entreprise<\/li>\n<li>Mobilier, mat\u00e9riaux, ambiance<\/li>\n<li>R\u00e9seau informatique priv\u00e9, infrastructure IT d\u00e9di\u00e9e<\/li>\n<li>Espaces d\u00e9tente int\u00e9gr\u00e9s : coin caf\u00e9, mini lounge, salle de r\u00e9union interne<\/li>\n<\/ol>\n<\/div><\/div><!-- \/.sc_title -->[vc_empty_space height=\u00a0\u00bb4.4em\u00a0\u00bb alter_height=\u00a0\u00bbnone\u00a0\u00bb hide_on_desktop=\u00a0\u00bb\u00a0\u00bb hide_on_notebook=\u00a0\u00bb\u00a0\u00bb hide_on_tablet=\u00a0\u00bb1&Prime; hide_on_mobile=\u00a0\u00bb1&Prime;][vc_empty_space height=\u00a0\u00bb2.1em\u00a0\u00bb alter_height=\u00a0\u00bbnone\u00a0\u00bb hide_on_desktop=\u00a0\u00bb\u00a0\u00bb hide_on_notebook=\u00a0\u00bb\u00a0\u00bb hide_on_tablet=\u00a0\u00bb\u00a0\u00bb hide_on_mobile=\u00a0\u00bb\u00a0\u00bb]<div  id=\"sc_promo_903565358\" \n\tclass=\"sc_promo color_style_default sc_promo_default max_width_70_per sc_promo_size_normal sc_promo_no_paddings sc_promo_image_position_left\"><div class=\"sc_promo_image\" style=\"background-image:url(https:\/\/momentumofficespaces.com\/wp-content\/uploads\/2025\/06\/momentumofficespaces.com-young-multiethnic-startup-team-working-modern-office-scaled.webp);width:43.5%;left: 0;\"><\/div><div class=\"sc_promo_text\" style=\"width: 56.5%;float: right;\">\n\t\t\t<div class=\"sc_promo_text_inner sc_content_width_56.5%\" style=\"\"><h6 class=\"sc_item_subtitle sc_promo_subtitle sc_align_left sc_item_title_style_default\">Rejoignez l'\u00e9lite<\/h6><h3 class=\"sc_item_title sc_promo_title sc_align_left sc_item_title_style_default\">Profitez de l\u2019\u00e9cosyst\u00e8me Momentum<\/h3><div class=\"sc_item_descr sc_promo_descr sc_align_left\"><p>Profitez D'espaces con\u00e7us pour vos \u00e9changes et vos id\u00e9es:<\/p>\n<p>Salles de r\u00e9union:<br \/>\n \u27a4 Capacit\u00e9 de 4 \u00e0 10 personnes<br \/>\n \u27a4 Id\u00e9ales pour vos points d\u2019\u00e9quipe, comit\u00e9s de direction ou rendez-vous clients<\/p>\n<p>Salles de formation:<br \/>\n \u27a4 Jusqu\u2019\u00e0 20 participants<br \/>\n \u27a4 Adapt\u00e9es aux ateliers, workshops, s\u00e9minaires et sessions de formation<\/p>\n<p>Nos \u00e9quipements incluent:<\/p>\n<ol class=\"trx_addons_list_parameters\">\n<li>\u00c9cran plat HD ou vid\u00e9oprojecteur<\/li>\n<li>Syst\u00e8me de visioconf\u00e9rence & audio premium<\/li>\n<li>Paperboard & fournitures<\/li>\n<li>Wi-Fi professionnel haut d\u00e9bit<\/li>\n<li>Climatisation ind\u00e9pendante<\/li>\n<li>Acc\u00e8s \u00e0 la caf\u00e9t\u00e9ria et au lounge<\/li>\n<\/ol>\n<\/div><div class=\"sc_item_button sc_button_wrap sc_align_left\"><a href=\"\/index.php\/contact-us\/\" id=\"sc_button_420411569\" class=\"sc_button color_style_default sc_button_default sc_item_button sc_item_button_default sc_promo_button sc_button_size_normal sc_button_icon_left\"><span class=\"sc_button_text\"><span class=\"sc_button_title\">R\u00e9servez<\/span><\/span><!-- \/.sc_button_text --><\/a><!-- \/.sc_button --><\/div><!-- \/.sc_item_button --><\/div>\n\t\t<\/div><!-- \/.sc_promo_text --><\/div><!-- \/.sc_promo -->[vc_empty_space height=\u00a0\u00bb4.4em\u00a0\u00bb alter_height=\u00a0\u00bbnone\u00a0\u00bb hide_on_desktop=\u00a0\u00bb\u00a0\u00bb hide_on_notebook=\u00a0\u00bb\u00a0\u00bb hide_on_tablet=\u00a0\u00bb1&Prime; hide_on_mobile=\u00a0\u00bb1&Prime;][vc_empty_space height=\u00a0\u00bb4.4em\u00a0\u00bb alter_height=\u00a0\u00bbnone\u00a0\u00bb hide_on_desktop=\u00a0\u00bb\u00a0\u00bb hide_on_notebook=\u00a0\u00bb\u00a0\u00bb hide_on_tablet=\u00a0\u00bb1&Prime; hide_on_mobile=\u00a0\u00bb1&Prime;][vc_empty_space height=\u00a0\u00bb2.1em\u00a0\u00bb alter_height=\u00a0\u00bbnone\u00a0\u00bb hide_on_desktop=\u00a0\u00bb\u00a0\u00bb hide_on_notebook=\u00a0\u00bb\u00a0\u00bb hide_on_tablet=\u00a0\u00bb\u00a0\u00bb hide_on_mobile=\u00a0\u00bb\u00a0\u00bb]<div  id=\"sc_promo_1640204826\" \n\tclass=\"sc_promo color_style_default sc_promo_default max_width_70_per sc_promo_size_normal sc_promo_no_paddings sc_promo_image_position_right\"><div class=\"sc_promo_image\" style=\"background-image:url(https:\/\/momentumofficespaces.com\/wp-content\/uploads\/2025\/06\/momentumofficespaces.com-modern-office-interior-featuring-sleek-design-bright-atmosphere-1.webp);width:43.5%;right: 0;\"><\/div><div class=\"sc_promo_text\" style=\"width: 56.5%;float: left;\">\n\t\t\t<div class=\"sc_promo_text_inner sc_content_width_56.5%\" style=\"\"><h6 class=\"sc_item_subtitle sc_promo_subtitle sc_align_left sc_item_title_style_default\">Collaboration<\/h6><h3 class=\"sc_item_title sc_promo_title sc_align_left sc_item_title_style_default\">\u00c0 qui s\u2019adresse cet espace?<\/h3><div class=\"sc_item_descr sc_promo_descr sc_align_left\"><p>Cet espace coworking est d\u00e9di\u00e9 aux : <\/p>\n<ol class=\"trx_addons_list_parameters\">\n<li>Dirigeants et managers pour leurs r\u00e9unions de pilotage<\/li>\n<li>Formateurs ind\u00e9pendants ou entreprises de formation<\/li>\n<li>Startups & entreprises pour leurs onboarding, coaching, workshops<\/li>\n<li>Consultants pour des sessions strat\u00e9giques avec leurs clients<\/li>\n<\/ol>\n<p>Rejoignez un \u00e9cosyst\u00e8me d\u2019exception, propice \u00e0 l\u2019ambition et \u00e0 la croissance.<\/p>\n<\/div><div class=\"sc_item_button sc_button_wrap sc_align_left\"><a href=\"\/index.php\/contact-us\/\" id=\"sc_button_1430236608\" class=\"sc_button color_style_default sc_button_default sc_item_button sc_item_button_default sc_promo_button sc_button_size_normal sc_button_icon_left\"><span class=\"sc_button_text\"><span class=\"sc_button_title\">R\u00e9servez<\/span><\/span><!-- \/.sc_button_text --><\/a><!-- \/.sc_button --><\/div><!-- \/.sc_item_button --><\/div>\n\t\t<\/div><!-- \/.sc_promo_text --><\/div><!-- \/.sc_promo -->[vc_empty_space height=\u00a0\u00bb2.85em\u00a0\u00bb alter_height=\u00a0\u00bbnone\u00a0\u00bb hide_on_desktop=\u00a0\u00bb\u00a0\u00bb hide_on_notebook=\u00a0\u00bb\u00a0\u00bb hide_on_tablet=\u00a0\u00bb\u00a0\u00bb hide_on_mobile=\u00a0\u00bb\u00a0\u00bb][vc_empty_space height=\u00a0\u00bb2.85em\u00a0\u00bb alter_height=\u00a0\u00bbnone\u00a0\u00bb hide_on_desktop=\u00a0\u00bb\u00a0\u00bb hide_on_notebook=\u00a0\u00bb\u00a0\u00bb hide_on_tablet=\u00a0\u00bb\u00a0\u00bb hide_on_mobile=\u00a0\u00bb\u00a0\u00bb][vc_empty_space height=\u00a0\u00bb2.85em\u00a0\u00bb alter_height=\u00a0\u00bbnone\u00a0\u00bb hide_on_desktop=\u00a0\u00bb\u00a0\u00bb hide_on_notebook=\u00a0\u00bb\u00a0\u00bb hide_on_tablet=\u00a0\u00bb\u00a0\u00bb hide_on_mobile=\u00a0\u00bb\u00a0\u00bb][\/vc_column][\/vc_row][vc_row full_width=\u00a0\u00bbstretch_row\u00a0\u00bb hide_bg_image_on_tablet=\u00a0\u00bb\u00a0\u00bb hide_bg_image_on_mobile=\u00a0\u00bb\u00a0\u00bb css=\u00a0\u00bb.vc_custom_1749170266750{background-image: url(https:\/\/momentumofficespaces.com\/wp-content\/uploads\/2025\/06\/momentumofficespaces.com-modern-luxury-hotel-office-reception-lounge-with-meeting-room-1.webp-scaled.webp?id=1994) !important;background-position: center !important;background-repeat: no-repeat !important;background-size: cover !important;}\u00a0\u00bb][vc_column][vc_empty_space height=\u00a0\u00bb6em\u00a0\u00bb alter_height=\u00a0\u00bbnone\u00a0\u00bb hide_on_desktop=\u00a0\u00bb\u00a0\u00bb hide_on_notebook=\u00a0\u00bb\u00a0\u00bb hide_on_tablet=\u00a0\u00bb\u00a0\u00bb hide_on_mobile=\u00a0\u00bb\u00a0\u00bb][vc_empty_space height=\u00a0\u00bb6em\u00a0\u00bb alter_height=\u00a0\u00bbnone\u00a0\u00bb hide_on_desktop=\u00a0\u00bb\u00a0\u00bb hide_on_notebook=\u00a0\u00bb\u00a0\u00bb hide_on_tablet=\u00a0\u00bb1&Prime; hide_on_mobile=\u00a0\u00bb1&Prime;]<div  id=\"sc_action_619494361\" \n\tclass=\"sc_action color_style_default scheme_dark sc_action_default\"><div class=\"sc_action_content sc_item_content\"><div class=\"sc_action_item sc_action_item_default sc_action_item_ml\">\n\t\t\t<h3 class=\"sc_action_item_title\"><span><span class=\"sc_action_item_title_part\">Louez votre salle en quelques clics<\/span><span class=\"sc_action_item_title_part\"><\/span><\/span><\/h3><\/div><\/div><\/div><!-- \/.sc_action -->[vc_empty_space height=\u00a0\u00bb2.5em\u00a0\u00bb alter_height=\u00a0\u00bbnone\u00a0\u00bb hide_on_desktop=\u00a0\u00bb\u00a0\u00bb hide_on_notebook=\u00a0\u00bb\u00a0\u00bb hide_on_tablet=\u00a0\u00bb\u00a0\u00bb hide_on_mobile=\u00a0\u00bb\u00a0\u00bb]<a href=\"\/index.php\/contact-us\/\" id=\"sc_button_381168737\" class=\"sc_button color_style_default sc_button_default sc_button_size_normal sc_button_icon_left\"><span class=\"sc_button_text sc_align_center\"><span class=\"sc_button_title\">Demandez un devis<\/span><\/span><!-- \/.sc_button_text --><\/a><!-- \/.sc_button -->[vc_empty_space height=\u00a0\u00bb6em\u00a0\u00bb alter_height=\u00a0\u00bbnone\u00a0\u00bb hide_on_desktop=\u00a0\u00bb\u00a0\u00bb hide_on_notebook=\u00a0\u00bb\u00a0\u00bb hide_on_tablet=\u00a0\u00bb\u00a0\u00bb hide_on_mobile=\u00a0\u00bb\u00a0\u00bb][vc_empty_space height=\u00a0\u00bb6em\u00a0\u00bb alter_height=\u00a0\u00bbnone\u00a0\u00bb hide_on_desktop=\u00a0\u00bb\u00a0\u00bb hide_on_notebook=\u00a0\u00bb\u00a0\u00bb hide_on_tablet=\u00a0\u00bb1&Prime; hide_on_mobile=\u00a0\u00bb1&Prime;][\/vc_column][\/vc_row]<\/p>\n<\/div>","protected":false},"excerpt":{"rendered":"<p>[vc_row][vc_column][vc_empty_space height=\u00a0\u00bb4.25em\u00a0\u00bb alter_height=\u00a0\u00bbnone\u00a0\u00bb hide_on_desktop=\u00a0\u00bb\u00a0\u00bb hide_on_notebook=\u00a0\u00bb\u00a0\u00bb hide_on_tablet=\u00a0\u00bb\u00a0\u00bb hide_on_mobile=\u00a0\u00bb\u00a0\u00bb][vc_empty_space height=\u00a0\u00bb5.3em\u00a0\u00bb alter_height=\u00a0\u00bbnone\u00a0\u00bb hide_on_desktop=\u00a0\u00bb\u00a0\u00bb hide_on_notebook=\u00a0\u00bb\u00a0\u00bb hide_on_tablet=\u00a0\u00bb1&Prime; hide_on_mobile=\u00a0\u00bb1&Prime;][vc_empty_space height=\u00a0\u00bb2.1em\u00a0\u00bb alter_height=\u00a0\u00bbnone\u00a0\u00bb hide_on_desktop=\u00a0\u00bb1&Prime; hide_on_notebook=\u00a0\u00bb1&Prime; hide_on_tablet=\u00a0\u00bb\u00a0\u00bb hide_on_mobile=\u00a0\u00bb\u00a0\u00bb][vc_single_image image=\u00a0\u00bb1991&Prime; img_size=\u00a0\u00bbfull\u00a0\u00bb alignment=\u00a0\u00bbcenter\u00a0\u00bb css=\u00a0\u00bb\u00a0\u00bb][\/vc_column][\/vc_row][vc_row full_width=\u00a0\u00bbstretch_row_content_no_spaces\u00a0\u00bb][vc_column hide_bg_image_on_tablet=\u00a0\u00bb\u00a0\u00bb hide_bg_image_on_mobile=\u00a0\u00bb\u00a0\u00bb css=\u00a0\u00bb.vc_custom_1749384461946{padding-right: 10% !important;padding-left: 10%&hellip;<\/p>\n","protected":false},"author":1,"featured_media":0,"parent":0,"menu_order":0,"comment_status":"closed","ping_status":"closed","template":"","meta":{"footnotes":""},"class_list":["post-1803","page","type-page","status-publish","hentry"],"_links":{"self":[{"href":"https:\/\/momentumofficespaces.com\/index.php\/wp-json\/wp\/v2\/pages\/1803","targetHints":{"allow":["GET"]}}],"collection":[{"href":"https:\/\/momentumofficespaces.com\/index.php\/wp-json\/wp\/v2\/pages"}],"about":[{"href":"https:\/\/momentumofficespaces.com\/index.php\/wp-json\/wp\/v2\/types\/page"}],"author":[{"embeddable":true,"href":"https:\/\/momentumofficespaces.com\/index.php\/wp-json\/wp\/v2\/users\/1"}],"replies":[{"embeddable":true,"href":"https:\/\/momentumofficespaces.com\/index.php\/wp-json\/wp\/v2\/comments?post=1803"}],"version-history":[{"count":13,"href":"https:\/\/momentumofficespaces.com\/index.php\/wp-json\/wp\/v2\/pages\/1803\/revisions"}],"predecessor-version":[{"id":2181,"href":"https:\/\/momentumofficespaces.com\/index.php\/wp-json\/wp\/v2\/pages\/1803\/revisions\/2181"}],"wp:attachment":[{"href":"https:\/\/momentumofficespaces.com\/index.php\/wp-json\/wp\/v2\/media?parent=1803"}],"curies":[{"name":"wp","href":"https:\/\/api.w.org\/{rel}","templated":true}]}}