{"id":1800,"date":"2025-06-01T22:07:14","date_gmt":"2025-06-01T20:07:14","guid":{"rendered":"https:\/\/momentumofficespaces.com\/?page_id=1800"},"modified":"2025-06-08T14:01:29","modified_gmt":"2025-06-08T12:01:29","slug":"grandes-surfaces-personnalisables","status":"publish","type":"page","link":"https:\/\/momentumofficespaces.com\/index.php\/grandes-surfaces-personnalisables\/","title":{"rendered":"Grandes Surfaces personnalisables"},"content":{"rendered":"<div class=\"wpb-content-wrapper\"><p>[vc_row][vc_column][vc_empty_space height=\u00a0\u00bb4.25em\u00a0\u00bb alter_height=\u00a0\u00bbnone\u00a0\u00bb hide_on_desktop=\u00a0\u00bb\u00a0\u00bb hide_on_notebook=\u00a0\u00bb\u00a0\u00bb hide_on_tablet=\u00a0\u00bb\u00a0\u00bb hide_on_mobile=\u00a0\u00bb\u00a0\u00bb]<div id=\"sc_title_270126443\"\n\t\tclass=\"sc_title color_style_default sc_title_default max_width_80_per\"><h3 class=\"sc_item_title sc_title_title sc_align_center sc_item_title_style_default\">Grandes Surfaces personnalisables<\/h3><div class=\"sc_item_descr sc_title_descr sc_align_center\"><p>Chez Momentum Office Spaces, nous savons que des entreprises ont besoin de plus qu\u2019un simple bureau.<br \/>\nC\u2019est pourquoi nous proposons des plateaux privatis\u00e9s de grandes surfaces, que vous pouvez am\u00e9nager par votre image de marque, selon vos besoins fonctionnels, esth\u00e9tiques et organisationnels.<br \/>\nUn lieu \u00e0 votre nom, avec vos couleurs, vos \u00e9quipes, vos r\u00e8gles.<br \/>\nEt toujours l\u2019excellence Momentum en toile de fond.<\/p>\n<\/div><\/div><!-- \/.sc_title -->[vc_empty_space height=\u00a0\u00bb5.3em\u00a0\u00bb alter_height=\u00a0\u00bbnone\u00a0\u00bb hide_on_desktop=\u00a0\u00bb\u00a0\u00bb hide_on_notebook=\u00a0\u00bb\u00a0\u00bb hide_on_tablet=\u00a0\u00bb1&Prime; hide_on_mobile=\u00a0\u00bb1&Prime;][vc_empty_space height=\u00a0\u00bb2.1em\u00a0\u00bb alter_height=\u00a0\u00bbnone\u00a0\u00bb hide_on_desktop=\u00a0\u00bb1&Prime; hide_on_notebook=\u00a0\u00bb1&Prime; hide_on_tablet=\u00a0\u00bb\u00a0\u00bb hide_on_mobile=\u00a0\u00bb\u00a0\u00bb][vc_single_image image=\u00a0\u00bb1990&Prime; img_size=\u00a0\u00bbfull\u00a0\u00bb alignment=\u00a0\u00bbright\u00a0\u00bb css=\u00a0\u00bb\u00a0\u00bb][\/vc_column][\/vc_row][vc_row full_width=\u00a0\u00bbstretch_row_content_no_spaces\u00a0\u00bb][vc_column hide_bg_image_on_tablet=\u00a0\u00bb\u00a0\u00bb hide_bg_image_on_mobile=\u00a0\u00bb\u00a0\u00bb css=\u00a0\u00bb.vc_custom_1749384014631{padding-right: 10% !important;padding-left: 10% !important;}\u00a0\u00bb][vc_empty_space height=\u00a0\u00bb2.85em\u00a0\u00bb alter_height=\u00a0\u00bbnone\u00a0\u00bb hide_on_desktop=\u00a0\u00bb\u00a0\u00bb hide_on_notebook=\u00a0\u00bb\u00a0\u00bb hide_on_tablet=\u00a0\u00bb\u00a0\u00bb hide_on_mobile=\u00a0\u00bb\u00a0\u00bb][vc_empty_space height=\u00a0\u00bb2.85em\u00a0\u00bb alter_height=\u00a0\u00bbnone\u00a0\u00bb hide_on_desktop=\u00a0\u00bb\u00a0\u00bb hide_on_notebook=\u00a0\u00bb\u00a0\u00bb hide_on_tablet=\u00a0\u00bb\u00a0\u00bb hide_on_mobile=\u00a0\u00bb\u00a0\u00bb]<div id=\"sc_title_392239235\"\n\t\tclass=\"sc_title color_style_default sc_title_default max_width_60_per\"><h3 class=\"sc_item_title sc_title_title sc_align_center sc_item_title_style_default\">Personnalisez votre exp\u00e9rience<\/h3><div class=\"sc_item_descr sc_title_descr sc_align_center\"><ol class=\"trx_addons_list_parameters\">\n<li>Configuration des postes<\/li>\n<li>Branding et identit\u00e9 visuelle de votre entreprise<\/li>\n<li>Mobilier, mat\u00e9riaux, ambiance<\/li>\n<li>R\u00e9seau informatique priv\u00e9, infrastructure IT d\u00e9di\u00e9e<\/li>\n<li>Espaces d\u00e9tente int\u00e9gr\u00e9s : coin caf\u00e9, mini lounge, salle de r\u00e9union interne<\/li>\n<\/ol>\n<\/div><\/div><!-- \/.sc_title -->[vc_empty_space height=\u00a0\u00bb4.4em\u00a0\u00bb alter_height=\u00a0\u00bbnone\u00a0\u00bb hide_on_desktop=\u00a0\u00bb\u00a0\u00bb hide_on_notebook=\u00a0\u00bb\u00a0\u00bb hide_on_tablet=\u00a0\u00bb1&Prime; hide_on_mobile=\u00a0\u00bb1&Prime;][vc_empty_space height=\u00a0\u00bb2.1em\u00a0\u00bb alter_height=\u00a0\u00bbnone\u00a0\u00bb hide_on_desktop=\u00a0\u00bb\u00a0\u00bb hide_on_notebook=\u00a0\u00bb\u00a0\u00bb hide_on_tablet=\u00a0\u00bb1&Prime; hide_on_mobile=\u00a0\u00bb1&Prime;]<div  id=\"sc_promo_2089476698\" \n\tclass=\"sc_promo color_style_default sc_promo_default max_width_70_per sc_promo_size_normal sc_promo_no_paddings sc_promo_image_position_left\"><div class=\"sc_promo_image\" style=\"background-image:url(https:\/\/momentumofficespaces.com\/wp-content\/uploads\/2025\/06\/momentumofficespaces.com-young-entrepreneurs-working-together-scaled.webp);width:43.5%;left: 0;\"><\/div><div class=\"sc_promo_text\" style=\"width: 56.5%;float: right;\">\n\t\t\t<div class=\"sc_promo_text_inner sc_content_width_56.5%\" style=\"\"><h6 class=\"sc_item_subtitle sc_promo_subtitle sc_align_left sc_item_title_style_default\">Rejoignez l'\u00e9lite<\/h6><h3 class=\"sc_item_title sc_promo_title sc_align_left sc_item_title_style_default\">Profitez de l\u2019\u00e9cosyst\u00e8me Momentum<\/h3><div class=\"sc_item_descr sc_promo_descr sc_align_left\"><p>Profitez de l\u2019\u00e9cosyst\u00e8me Momentum et int\u00e9grez une communaut\u00e9 dynamique de professionnels, d\u2019experts et d\u2019innovateurs dans un cadre con\u00e7u pour favoriser les synergies, le partage et la croissance:<\/p>\n<ol class=\"trx_addons_list_parameters\">\n<li>Acc\u00e8s aux espaces communs : rooftop, lounge, terrasse, salle de sport<\/li>\n<li>Accueil physique mutualis\u00e9 pour visiteurs et livraisons<\/li>\n<li>Entretien, s\u00e9curit\u00e9, maintenance g\u00e9r\u00e9s par nos \u00e9quipes<\/li>\n<li>Parking<\/li>\n<\/ol>\n<\/div><div class=\"sc_item_button sc_button_wrap sc_align_left\"><a href=\"\/index.php\/contact-us\/\" id=\"sc_button_1859755760\" class=\"sc_button color_style_default sc_button_default sc_item_button sc_item_button_default sc_promo_button sc_button_size_normal sc_button_icon_left\"><span class=\"sc_button_text\"><span class=\"sc_button_title\">R\u00e9servez<\/span><\/span><!-- \/.sc_button_text --><\/a><!-- \/.sc_button --><\/div><!-- \/.sc_item_button --><\/div>\n\t\t<\/div><!-- \/.sc_promo_text --><\/div><!-- \/.sc_promo -->[vc_empty_space height=\u00a0\u00bb4.4em\u00a0\u00bb alter_height=\u00a0\u00bbnone\u00a0\u00bb hide_on_desktop=\u00a0\u00bb\u00a0\u00bb hide_on_notebook=\u00a0\u00bb\u00a0\u00bb hide_on_tablet=\u00a0\u00bb1&Prime; hide_on_mobile=\u00a0\u00bb1&Prime;][vc_empty_space height=\u00a0\u00bb4.4em\u00a0\u00bb alter_height=\u00a0\u00bbnone\u00a0\u00bb hide_on_desktop=\u00a0\u00bb\u00a0\u00bb hide_on_notebook=\u00a0\u00bb\u00a0\u00bb hide_on_tablet=\u00a0\u00bb1&Prime; hide_on_mobile=\u00a0\u00bb1&Prime;][vc_empty_space height=\u00a0\u00bb2.1em\u00a0\u00bb alter_height=\u00a0\u00bbnone\u00a0\u00bb hide_on_desktop=\u00a0\u00bb\u00a0\u00bb hide_on_notebook=\u00a0\u00bb\u00a0\u00bb hide_on_tablet=\u00a0\u00bb\u00a0\u00bb hide_on_mobile=\u00a0\u00bb\u00a0\u00bb]<div  id=\"sc_promo_1034924537\" \n\tclass=\"sc_promo color_style_default sc_promo_default max_width_70_per sc_promo_size_normal sc_promo_no_paddings sc_promo_image_position_right\"><div class=\"sc_promo_image\" style=\"background-image:url(https:\/\/momentumofficespaces.com\/wp-content\/uploads\/2025\/06\/momentumofficespaces.com-team-discussing-together-accounting-reports-scaled.webp);width:43.5%;right: 0;\"><\/div><div class=\"sc_promo_text\" style=\"width: 56.5%;float: left;\">\n\t\t\t<div class=\"sc_promo_text_inner sc_content_width_56.5%\" style=\"\"><h6 class=\"sc_item_subtitle sc_promo_subtitle sc_align_left sc_item_title_style_default\">Collaboration<\/h6><h3 class=\"sc_item_title sc_promo_title sc_align_left sc_item_title_style_default\">\u00c0 qui s\u2019adresse cet espace?<\/h3><div class=\"sc_item_descr sc_promo_descr sc_align_left\"><p>Cet espace coworking est d\u00e9di\u00e9 aux : <\/p>\n<ol class=\"trx_addons_list_parameters\">\n<li>Cabinets d\u2019audit ou d\u2019expertise<\/li>\n<li>Agences digitales, tech, consulting<\/li>\n<li>Startups en hypercroissance<\/li>\n<li>Filiales marocaines de groupes internationaux<\/li>\n<li>\u00c9quipes projets de grandes entreprises ou agences<\/li>\n<\/ol>\n<p>Rejoignez un \u00e9cosyst\u00e8me d\u2019exception, propice \u00e0 l\u2019ambition et \u00e0 la croissance.<\/p>\n<\/div><div class=\"sc_item_button sc_button_wrap sc_align_left\"><a href=\"\/index.php\/contact-us\/\" id=\"sc_button_1645970383\" class=\"sc_button color_style_default sc_button_default sc_item_button sc_item_button_default sc_promo_button sc_button_size_normal sc_button_icon_left\"><span class=\"sc_button_text\"><span class=\"sc_button_title\">R\u00e9servez<\/span><\/span><!-- \/.sc_button_text --><\/a><!-- \/.sc_button --><\/div><!-- \/.sc_item_button --><\/div>\n\t\t<\/div><!-- \/.sc_promo_text --><\/div><!-- \/.sc_promo -->[vc_empty_space height=\u00a0\u00bb2.85em\u00a0\u00bb alter_height=\u00a0\u00bbnone\u00a0\u00bb hide_on_desktop=\u00a0\u00bb\u00a0\u00bb hide_on_notebook=\u00a0\u00bb\u00a0\u00bb hide_on_tablet=\u00a0\u00bb\u00a0\u00bb hide_on_mobile=\u00a0\u00bb\u00a0\u00bb][vc_empty_space height=\u00a0\u00bb2.85em\u00a0\u00bb alter_height=\u00a0\u00bbnone\u00a0\u00bb hide_on_desktop=\u00a0\u00bb\u00a0\u00bb hide_on_notebook=\u00a0\u00bb\u00a0\u00bb hide_on_tablet=\u00a0\u00bb\u00a0\u00bb hide_on_mobile=\u00a0\u00bb\u00a0\u00bb][vc_empty_space height=\u00a0\u00bb2.85em\u00a0\u00bb alter_height=\u00a0\u00bbnone\u00a0\u00bb hide_on_desktop=\u00a0\u00bb\u00a0\u00bb hide_on_notebook=\u00a0\u00bb\u00a0\u00bb hide_on_tablet=\u00a0\u00bb\u00a0\u00bb hide_on_mobile=\u00a0\u00bb\u00a0\u00bb][\/vc_column][\/vc_row][vc_row full_width=\u00a0\u00bbstretch_row\u00a0\u00bb hide_bg_image_on_tablet=\u00a0\u00bb\u00a0\u00bb hide_bg_image_on_mobile=\u00a0\u00bb\u00a0\u00bb css=\u00a0\u00bb.vc_custom_1749170262603{background-image: url(https:\/\/momentumofficespaces.com\/wp-content\/uploads\/2025\/06\/momentumofficespaces.com-modern-luxury-hotel-office-reception-lounge-with-meeting-room-1.webp-scaled.webp?id=1994) !important;background-position: center !important;background-repeat: no-repeat !important;background-size: cover !important;}\u00a0\u00bb][vc_column][vc_empty_space height=\u00a0\u00bb6em\u00a0\u00bb alter_height=\u00a0\u00bbnone\u00a0\u00bb hide_on_desktop=\u00a0\u00bb\u00a0\u00bb hide_on_notebook=\u00a0\u00bb\u00a0\u00bb hide_on_tablet=\u00a0\u00bb\u00a0\u00bb hide_on_mobile=\u00a0\u00bb\u00a0\u00bb][vc_empty_space height=\u00a0\u00bb6em\u00a0\u00bb alter_height=\u00a0\u00bbnone\u00a0\u00bb hide_on_desktop=\u00a0\u00bb\u00a0\u00bb hide_on_notebook=\u00a0\u00bb\u00a0\u00bb hide_on_tablet=\u00a0\u00bb1&Prime; hide_on_mobile=\u00a0\u00bb1&Prime;]<div  id=\"sc_action_486462098\" \n\tclass=\"sc_action color_style_default scheme_dark sc_action_default\"><div class=\"sc_action_content sc_item_content\"><div class=\"sc_action_item sc_action_item_default sc_action_item_ml\">\n\t\t\t<h3 class=\"sc_action_item_title\"><span><span class=\"sc_action_item_title_part\">Un projet d\u2019implantation? Nous vous accompagnons<\/span><span class=\"sc_action_item_title_part\"><\/span><\/span><\/h3><\/div><\/div><\/div><!-- \/.sc_action -->[vc_empty_space height=\u00a0\u00bb2.5em\u00a0\u00bb alter_height=\u00a0\u00bbnone\u00a0\u00bb hide_on_desktop=\u00a0\u00bb\u00a0\u00bb hide_on_notebook=\u00a0\u00bb\u00a0\u00bb hide_on_tablet=\u00a0\u00bb\u00a0\u00bb hide_on_mobile=\u00a0\u00bb\u00a0\u00bb]<a href=\"\/index.php\/contact-us\/\" id=\"sc_button_628260758\" class=\"sc_button color_style_default sc_button_default sc_button_size_normal sc_button_icon_left\"><span class=\"sc_button_text sc_align_center\"><span class=\"sc_button_title\">D\u00e9crivez votre besoin<\/span><\/span><!-- \/.sc_button_text --><\/a><!-- \/.sc_button -->[vc_empty_space height=\u00a0\u00bb6em\u00a0\u00bb alter_height=\u00a0\u00bbnone\u00a0\u00bb hide_on_desktop=\u00a0\u00bb\u00a0\u00bb hide_on_notebook=\u00a0\u00bb\u00a0\u00bb hide_on_tablet=\u00a0\u00bb\u00a0\u00bb hide_on_mobile=\u00a0\u00bb\u00a0\u00bb][vc_empty_space height=\u00a0\u00bb6em\u00a0\u00bb alter_height=\u00a0\u00bbnone\u00a0\u00bb hide_on_desktop=\u00a0\u00bb\u00a0\u00bb hide_on_notebook=\u00a0\u00bb\u00a0\u00bb hide_on_tablet=\u00a0\u00bb1&Prime; hide_on_mobile=\u00a0\u00bb1&Prime;][\/vc_column][\/vc_row]<\/p>\n<\/div>","protected":false},"excerpt":{"rendered":"<p>[vc_row][vc_column][vc_empty_space height=\u00a0\u00bb4.25em\u00a0\u00bb alter_height=\u00a0\u00bbnone\u00a0\u00bb hide_on_desktop=\u00a0\u00bb\u00a0\u00bb hide_on_notebook=\u00a0\u00bb\u00a0\u00bb hide_on_tablet=\u00a0\u00bb\u00a0\u00bb hide_on_mobile=\u00a0\u00bb\u00a0\u00bb][vc_empty_space height=\u00a0\u00bb5.3em\u00a0\u00bb alter_height=\u00a0\u00bbnone\u00a0\u00bb hide_on_desktop=\u00a0\u00bb\u00a0\u00bb hide_on_notebook=\u00a0\u00bb\u00a0\u00bb hide_on_tablet=\u00a0\u00bb1&Prime; hide_on_mobile=\u00a0\u00bb1&Prime;][vc_empty_space height=\u00a0\u00bb2.1em\u00a0\u00bb alter_height=\u00a0\u00bbnone\u00a0\u00bb hide_on_desktop=\u00a0\u00bb1&Prime; hide_on_notebook=\u00a0\u00bb1&Prime; hide_on_tablet=\u00a0\u00bb\u00a0\u00bb hide_on_mobile=\u00a0\u00bb\u00a0\u00bb][vc_single_image image=\u00a0\u00bb1990&Prime; img_size=\u00a0\u00bbfull\u00a0\u00bb alignment=\u00a0\u00bbright\u00a0\u00bb css=\u00a0\u00bb\u00a0\u00bb][\/vc_column][\/vc_row][vc_row full_width=\u00a0\u00bbstretch_row_content_no_spaces\u00a0\u00bb][vc_column hide_bg_image_on_tablet=\u00a0\u00bb\u00a0\u00bb hide_bg_image_on_mobile=\u00a0\u00bb\u00a0\u00bb css=\u00a0\u00bb.vc_custom_1749384014631{padding-right: 10% !important;padding-left: 10%&hellip;<\/p>\n","protected":false},"author":1,"featured_media":0,"parent":0,"menu_order":0,"comment_status":"closed","ping_status":"closed","template":"","meta":{"footnotes":""},"class_list":["post-1800","page","type-page","status-publish","hentry"],"_links":{"self":[{"href":"https:\/\/momentumofficespaces.com\/index.php\/wp-json\/wp\/v2\/pages\/1800","targetHints":{"allow":["GET"]}}],"collection":[{"href":"https:\/\/momentumofficespaces.com\/index.php\/wp-json\/wp\/v2\/pages"}],"about":[{"href":"https:\/\/momentumofficespaces.com\/index.php\/wp-json\/wp\/v2\/types\/page"}],"author":[{"embeddable":true,"href":"https:\/\/momentumofficespaces.com\/index.php\/wp-json\/wp\/v2\/users\/1"}],"replies":[{"embeddable":true,"href":"https:\/\/momentumofficespaces.com\/index.php\/wp-json\/wp\/v2\/comments?post=1800"}],"version-history":[{"count":14,"href":"https:\/\/momentumofficespaces.com\/index.php\/wp-json\/wp\/v2\/pages\/1800\/revisions"}],"predecessor-version":[{"id":2177,"href":"https:\/\/momentumofficespaces.com\/index.php\/wp-json\/wp\/v2\/pages\/1800\/revisions\/2177"}],"wp:attachment":[{"href":"https:\/\/momentumofficespaces.com\/index.php\/wp-json\/wp\/v2\/media?parent=1800"}],"curies":[{"name":"wp","href":"https:\/\/api.w.org\/{rel}","templated":true}]}}