{"id":1797,"date":"2025-06-01T21:40:24","date_gmt":"2025-06-01T19:40:24","guid":{"rendered":"https:\/\/momentumofficespaces.com\/?page_id=1797"},"modified":"2025-06-13T02:32:02","modified_gmt":"2025-06-13T00:32:02","slug":"coworking-espaces-partages-premium","status":"publish","type":"page","link":"https:\/\/momentumofficespaces.com\/index.php\/coworking-espaces-partages-premium\/","title":{"rendered":"Coworking \u2013 Espaces partag\u00e9s premium"},"content":{"rendered":"<div class=\"wpb-content-wrapper\"><p>[vc_row][vc_column][vc_empty_space height=\u00a0\u00bb4.25em\u00a0\u00bb alter_height=\u00a0\u00bbnone\u00a0\u00bb hide_on_desktop=\u00a0\u00bb\u00a0\u00bb hide_on_notebook=\u00a0\u00bb\u00a0\u00bb hide_on_tablet=\u00a0\u00bb\u00a0\u00bb hide_on_mobile=\u00a0\u00bb\u00a0\u00bb]<div id=\"sc_title_111143059\"\n\t\tclass=\"sc_title color_style_default sc_title_default max_width_80_per\"><h3 class=\"sc_item_title sc_title_title sc_align_center sc_item_title_style_default\">Coworking \u2013 Espaces partag\u00e9s premium<\/h3><div class=\"sc_item_descr sc_title_descr sc_align_center\"><p>Chez Momentum Office Spaces, le co-working prend une nouvelle dimension.<br \/>\nNous vous proposons bien plus qu\u2019un simple poste de travail : un cadre inspirant, flexible et professionnel, au c\u0153ur de Casablanca Finance City.<br \/>\nIci, vous \u00eates libre de cr\u00e9er, de collaborer et de r\u00e9ussir \u2014 dans un lieu con\u00e7u pour vous \u00e9lever.<\/p>\n<\/div><\/div><!-- \/.sc_title -->[vc_empty_space height=\u00a0\u00bb5.3em\u00a0\u00bb alter_height=\u00a0\u00bbnone\u00a0\u00bb hide_on_desktop=\u00a0\u00bb\u00a0\u00bb hide_on_notebook=\u00a0\u00bb\u00a0\u00bb hide_on_tablet=\u00a0\u00bb1&Prime; hide_on_mobile=\u00a0\u00bb1&Prime;][vc_empty_space height=\u00a0\u00bb2.1em\u00a0\u00bb alter_height=\u00a0\u00bbnone\u00a0\u00bb hide_on_desktop=\u00a0\u00bb1&Prime; hide_on_notebook=\u00a0\u00bb1&Prime; hide_on_tablet=\u00a0\u00bb\u00a0\u00bb hide_on_mobile=\u00a0\u00bb\u00a0\u00bb][vc_single_image image=\u00a0\u00bb1980&Prime; img_size=\u00a0\u00bbfull\u00a0\u00bb alignment=\u00a0\u00bbcenter\u00a0\u00bb css=\u00a0\u00bb\u00a0\u00bb][\/vc_column][\/vc_row][vc_row full_width=\u00a0\u00bbstretch_row_content_no_spaces\u00a0\u00bb][vc_column hide_bg_image_on_tablet=\u00a0\u00bb\u00a0\u00bb hide_bg_image_on_mobile=\u00a0\u00bb\u00a0\u00bb css=\u00a0\u00bb.vc_custom_1749383706999{padding-right: 10% !important;padding-left: 10% !important;}\u00a0\u00bb][vc_empty_space height=\u00a0\u00bb2.85em\u00a0\u00bb alter_height=\u00a0\u00bbnone\u00a0\u00bb hide_on_desktop=\u00a0\u00bb\u00a0\u00bb hide_on_notebook=\u00a0\u00bb\u00a0\u00bb hide_on_tablet=\u00a0\u00bb\u00a0\u00bb hide_on_mobile=\u00a0\u00bb\u00a0\u00bb][vc_empty_space height=\u00a0\u00bb2.85em\u00a0\u00bb alter_height=\u00a0\u00bbnone\u00a0\u00bb hide_on_desktop=\u00a0\u00bb\u00a0\u00bb hide_on_notebook=\u00a0\u00bb\u00a0\u00bb hide_on_tablet=\u00a0\u00bb\u00a0\u00bb hide_on_mobile=\u00a0\u00bb\u00a0\u00bb]<div id=\"sc_title_2036563790\"\n\t\tclass=\"sc_title color_style_default sc_title_default max_width_60_per\"><h3 class=\"sc_item_title sc_title_title sc_align_center sc_item_title_style_default\">Une formule flexible, pens\u00e9e pour vous<\/h3><div class=\"sc_item_descr sc_title_descr sc_align_center\"><ol class=\"trx_addons_list_parameters\">\n<li>Postes de travail disponibles \u00e0 tout moment<\/li>\n<li>Option nomade ou poste fixe d\u00e9di\u00e9<\/li>\n<li>Acc\u00e8s 24h\/24 \u2013 7j\/7<\/li>\n<li>R\u00e9servation de salles de r\u00e9union incluse ou \u00e0 la carte<\/li>\n<li>Connexion fibre optique + Wi-Fi s\u00e9curis\u00e9<\/li>\n<li>Accueil physique & gestion du courrier<\/li>\n<\/ol>\n<\/div><\/div><!-- \/.sc_title -->[vc_empty_space height=\u00a0\u00bb4.4em\u00a0\u00bb alter_height=\u00a0\u00bbnone\u00a0\u00bb hide_on_desktop=\u00a0\u00bb\u00a0\u00bb hide_on_notebook=\u00a0\u00bb\u00a0\u00bb hide_on_tablet=\u00a0\u00bb1&Prime; hide_on_mobile=\u00a0\u00bb1&Prime;][vc_empty_space height=\u00a0\u00bb2.1em\u00a0\u00bb alter_height=\u00a0\u00bbnone\u00a0\u00bb hide_on_desktop=\u00a0\u00bb1&Prime; hide_on_notebook=\u00a0\u00bb1&Prime; hide_on_tablet=\u00a0\u00bb\u00a0\u00bb hide_on_mobile=\u00a0\u00bb\u00a0\u00bb]<div  id=\"sc_promo_388825859\" \n\tclass=\"sc_promo color_style_default sc_promo_default max_width_70_per sc_promo_size_normal sc_promo_no_paddings sc_promo_image_position_left\"><div class=\"sc_promo_image\" style=\"background-image:url(https:\/\/momentumofficespaces.com\/wp-content\/uploads\/2025\/06\/momentumofficespaces.com-group-people-sitting-couches-room.jpg.webp);width:43.5%;left: 0;\"><\/div><div class=\"sc_promo_text\" style=\"width: 56.5%;float: right;\">\n\t\t\t<div class=\"sc_promo_text_inner sc_content_width_56.5%\" style=\"\"><h6 class=\"sc_item_subtitle sc_promo_subtitle sc_align_left sc_item_title_style_default\">Un espace d\u2019\u00e9lite<\/h6><h3 class=\"sc_item_title sc_promo_title sc_align_left sc_item_title_style_default\">Prestations comprises dans votre espace<\/h3><div class=\"sc_item_descr sc_promo_descr sc_align_left\"><p>Nos bureaux Plug & Play s\u2019adressent \u00e0 toutes les entreprises \u00e0 la recherche de simplicit\u00e9, de confort et de standing:<\/p>\n<ol class=\"trx_addons_list_parameters\">\n<li>Acc\u00e8s \u00e0 tous les espaces communs :<br \/>\n        - Lounge design<br \/>\n        - Terrasse am\u00e9nag\u00e9e<br \/>\n        - Salle de sport<br \/>\n        - Rooftop SKY Momentum\n    <\/li>\n<li>S\u00e9curit\u00e9 24h\/24, badge d\u2019acc\u00e8s<\/li>\n<li>Entretien quotidien des espaces<\/li>\n<li>Conciergerie sur demande<\/li>\n<\/ol>\n<\/div><div class=\"sc_item_button sc_button_wrap sc_align_left\"><a href=\"\/index.php\/contact-us\/\" id=\"sc_button_1860226355\" class=\"sc_button color_style_default sc_button_default sc_item_button sc_item_button_default sc_promo_button sc_button_size_normal sc_button_icon_left\"><span class=\"sc_button_text\"><span class=\"sc_button_title\">R\u00e9servez<\/span><\/span><!-- \/.sc_button_text --><\/a><!-- \/.sc_button --><\/div><!-- \/.sc_item_button --><\/div>\n\t\t<\/div><!-- \/.sc_promo_text --><\/div><!-- \/.sc_promo -->[vc_empty_space height=\u00a0\u00bb4.4em\u00a0\u00bb alter_height=\u00a0\u00bbnone\u00a0\u00bb hide_on_desktop=\u00a0\u00bb\u00a0\u00bb hide_on_notebook=\u00a0\u00bb\u00a0\u00bb hide_on_tablet=\u00a0\u00bb1&Prime; hide_on_mobile=\u00a0\u00bb1&Prime;][vc_empty_space height=\u00a0\u00bb4.4em\u00a0\u00bb alter_height=\u00a0\u00bbnone\u00a0\u00bb hide_on_desktop=\u00a0\u00bb\u00a0\u00bb hide_on_notebook=\u00a0\u00bb\u00a0\u00bb hide_on_tablet=\u00a0\u00bb1&Prime; hide_on_mobile=\u00a0\u00bb1&Prime;][vc_empty_space height=\u00a0\u00bb2.1em\u00a0\u00bb alter_height=\u00a0\u00bbnone\u00a0\u00bb hide_on_desktop=\u00a0\u00bb1&Prime; hide_on_notebook=\u00a0\u00bb1&Prime; hide_on_tablet=\u00a0\u00bb\u00a0\u00bb hide_on_mobile=\u00a0\u00bb\u00a0\u00bb]<div  id=\"sc_promo_2086592486\" \n\tclass=\"sc_promo color_style_default sc_promo_default max_width_70_per sc_promo_size_normal sc_promo_no_paddings sc_promo_image_position_right\"><div class=\"sc_promo_image\" style=\"background-image:url(https:\/\/momentumofficespaces.com\/wp-content\/uploads\/2025\/06\/momentumofficespaces.com-deep-work-in-closed-office-scaled.webp);width:43.5%;right: 0;\"><\/div><div class=\"sc_promo_text\" style=\"width: 56.5%;float: left;\">\n\t\t\t<div class=\"sc_promo_text_inner sc_content_width_56.5%\" style=\"\"><h6 class=\"sc_item_subtitle sc_promo_subtitle sc_align_left sc_item_title_style_default\">Collaboration<\/h6><h3 class=\"sc_item_title sc_promo_title sc_align_left sc_item_title_style_default\">Pourquoi opter pour cette solution ?<\/h3><div class=\"sc_item_descr sc_promo_descr sc_align_left\"><p>Cet espace coworking est d\u00e9di\u00e9 aux professionnels, freelances et start-ups en qu\u00eate d\u2019un lieu de travail flexible, raffin\u00e9 et stimulant. Con\u00e7u pour favoriser la productivit\u00e9 et les synergies, il offre un cadre inspirant alli\u00e9 \u00e0 des services premium.<\/p>\n<p>Cet espace coworking est d\u00e9di\u00e9 aux : <\/p>\n<ol class=\"trx_addons_list_parameters\">\n<li>Freelances en qu\u00eate d\u2019un environnement motivant<\/li>\n<li>Consultants, formateurs, coachs<\/li>\n<li>Startups early stage cherchant \u00e0 \u00e9voluer dans un \u00e9cosyst\u00e8me dynamique<\/li>\n<li>Entrepreneurs internationaux en mission temporaire \u00e0 Casablanca<\/li>\n<li>\u00c9quipes projets de grandes entreprises ou agences<\/li>\n<\/ol>\n<p>Rejoignez un \u00e9cosyst\u00e8me d\u2019exception, propice \u00e0 l\u2019ambition et \u00e0 la croissance.<\/p>\n<\/div><div class=\"sc_item_button sc_button_wrap sc_align_left\"><a href=\"\/index.php\/contact-us\/\" id=\"sc_button_917735420\" class=\"sc_button color_style_default sc_button_default sc_item_button sc_item_button_default sc_promo_button sc_button_size_normal sc_button_icon_left\"><span class=\"sc_button_text\"><span class=\"sc_button_title\">R\u00e9servez<\/span><\/span><!-- \/.sc_button_text --><\/a><!-- \/.sc_button --><\/div><!-- \/.sc_item_button --><\/div>\n\t\t<\/div><!-- \/.sc_promo_text --><\/div><!-- \/.sc_promo -->[vc_empty_space height=\u00a0\u00bb2.85em\u00a0\u00bb alter_height=\u00a0\u00bbnone\u00a0\u00bb hide_on_desktop=\u00a0\u00bb\u00a0\u00bb hide_on_notebook=\u00a0\u00bb\u00a0\u00bb hide_on_tablet=\u00a0\u00bb\u00a0\u00bb hide_on_mobile=\u00a0\u00bb\u00a0\u00bb][vc_empty_space height=\u00a0\u00bb2.85em\u00a0\u00bb alter_height=\u00a0\u00bbnone\u00a0\u00bb hide_on_desktop=\u00a0\u00bb\u00a0\u00bb hide_on_notebook=\u00a0\u00bb\u00a0\u00bb hide_on_tablet=\u00a0\u00bb\u00a0\u00bb hide_on_mobile=\u00a0\u00bb\u00a0\u00bb][vc_empty_space height=\u00a0\u00bb2.85em\u00a0\u00bb alter_height=\u00a0\u00bbnone\u00a0\u00bb hide_on_desktop=\u00a0\u00bb\u00a0\u00bb hide_on_notebook=\u00a0\u00bb\u00a0\u00bb hide_on_tablet=\u00a0\u00bb\u00a0\u00bb hide_on_mobile=\u00a0\u00bb\u00a0\u00bb][\/vc_column][\/vc_row][vc_row full_width=\u00a0\u00bbstretch_row\u00a0\u00bb hide_bg_image_on_tablet=\u00a0\u00bb\u00a0\u00bb hide_bg_image_on_mobile=\u00a0\u00bb\u00a0\u00bb css=\u00a0\u00bb.vc_custom_1749170230505{background-image: url(https:\/\/momentumofficespaces.com\/wp-content\/uploads\/2025\/06\/momentumofficespaces.com-modern-luxury-hotel-office-reception-lounge-with-meeting-room-1.webp-scaled.webp?id=1994) !important;background-position: center !important;background-repeat: no-repeat !important;background-size: cover !important;}\u00a0\u00bb][vc_column][vc_empty_space height=\u00a0\u00bb6em\u00a0\u00bb alter_height=\u00a0\u00bbnone\u00a0\u00bb hide_on_desktop=\u00a0\u00bb\u00a0\u00bb hide_on_notebook=\u00a0\u00bb\u00a0\u00bb hide_on_tablet=\u00a0\u00bb\u00a0\u00bb hide_on_mobile=\u00a0\u00bb\u00a0\u00bb][vc_empty_space height=\u00a0\u00bb6em\u00a0\u00bb alter_height=\u00a0\u00bbnone\u00a0\u00bb hide_on_desktop=\u00a0\u00bb\u00a0\u00bb hide_on_notebook=\u00a0\u00bb\u00a0\u00bb hide_on_tablet=\u00a0\u00bb1&Prime; hide_on_mobile=\u00a0\u00bb1&Prime;]<div  id=\"sc_action_201020520\" \n\tclass=\"sc_action color_style_default scheme_dark sc_action_default\"><div class=\"sc_action_content sc_item_content\"><div class=\"sc_action_item sc_action_item_default sc_action_item_ml\">\n\t\t\t<h3 class=\"sc_action_item_title\"><span><span class=\"sc_action_item_title_part\">Demandez une journ\u00e9e test ou une formule personnalis\u00e9e<\/span><span class=\"sc_action_item_title_part\"><\/span><\/span><\/h3><\/div><\/div><\/div><!-- \/.sc_action -->[vc_empty_space height=\u00a0\u00bb2.5em\u00a0\u00bb alter_height=\u00a0\u00bbnone\u00a0\u00bb hide_on_desktop=\u00a0\u00bb\u00a0\u00bb hide_on_notebook=\u00a0\u00bb\u00a0\u00bb hide_on_tablet=\u00a0\u00bb\u00a0\u00bb hide_on_mobile=\u00a0\u00bb\u00a0\u00bb]<a href=\"\/index.php\/contact-us\/\" id=\"sc_button_1865607923\" class=\"sc_button color_style_default sc_button_default sc_button_size_normal sc_button_icon_left\"><span class=\"sc_button_text sc_align_center\"><span class=\"sc_button_title\">Demandez une visite<\/span><\/span><!-- \/.sc_button_text --><\/a><!-- \/.sc_button -->[vc_empty_space height=\u00a0\u00bb6em\u00a0\u00bb alter_height=\u00a0\u00bbnone\u00a0\u00bb hide_on_desktop=\u00a0\u00bb\u00a0\u00bb hide_on_notebook=\u00a0\u00bb\u00a0\u00bb hide_on_tablet=\u00a0\u00bb\u00a0\u00bb hide_on_mobile=\u00a0\u00bb\u00a0\u00bb][vc_empty_space height=\u00a0\u00bb6em\u00a0\u00bb alter_height=\u00a0\u00bbnone\u00a0\u00bb hide_on_desktop=\u00a0\u00bb\u00a0\u00bb hide_on_notebook=\u00a0\u00bb\u00a0\u00bb hide_on_tablet=\u00a0\u00bb1&Prime; hide_on_mobile=\u00a0\u00bb1&Prime;][\/vc_column][\/vc_row]<\/p>\n<\/div>","protected":false},"excerpt":{"rendered":"<p>[vc_row][vc_column][vc_empty_space height=\u00a0\u00bb4.25em\u00a0\u00bb alter_height=\u00a0\u00bbnone\u00a0\u00bb hide_on_desktop=\u00a0\u00bb\u00a0\u00bb hide_on_notebook=\u00a0\u00bb\u00a0\u00bb hide_on_tablet=\u00a0\u00bb\u00a0\u00bb hide_on_mobile=\u00a0\u00bb\u00a0\u00bb][vc_empty_space height=\u00a0\u00bb5.3em\u00a0\u00bb alter_height=\u00a0\u00bbnone\u00a0\u00bb hide_on_desktop=\u00a0\u00bb\u00a0\u00bb hide_on_notebook=\u00a0\u00bb\u00a0\u00bb hide_on_tablet=\u00a0\u00bb1&Prime; hide_on_mobile=\u00a0\u00bb1&Prime;][vc_empty_space height=\u00a0\u00bb2.1em\u00a0\u00bb alter_height=\u00a0\u00bbnone\u00a0\u00bb hide_on_desktop=\u00a0\u00bb1&Prime; hide_on_notebook=\u00a0\u00bb1&Prime; hide_on_tablet=\u00a0\u00bb\u00a0\u00bb hide_on_mobile=\u00a0\u00bb\u00a0\u00bb][vc_single_image image=\u00a0\u00bb1980&Prime; img_size=\u00a0\u00bbfull\u00a0\u00bb alignment=\u00a0\u00bbcenter\u00a0\u00bb css=\u00a0\u00bb\u00a0\u00bb][\/vc_column][\/vc_row][vc_row full_width=\u00a0\u00bbstretch_row_content_no_spaces\u00a0\u00bb][vc_column hide_bg_image_on_tablet=\u00a0\u00bb\u00a0\u00bb hide_bg_image_on_mobile=\u00a0\u00bb\u00a0\u00bb css=\u00a0\u00bb.vc_custom_1749383706999{padding-right: 10% !important;padding-left: 10%&hellip;<\/p>\n","protected":false},"author":1,"featured_media":0,"parent":0,"menu_order":0,"comment_status":"closed","ping_status":"closed","template":"","meta":{"footnotes":""},"class_list":["post-1797","page","type-page","status-publish","hentry"],"_links":{"self":[{"href":"https:\/\/momentumofficespaces.com\/index.php\/wp-json\/wp\/v2\/pages\/1797","targetHints":{"allow":["GET"]}}],"collection":[{"href":"https:\/\/momentumofficespaces.com\/index.php\/wp-json\/wp\/v2\/pages"}],"about":[{"href":"https:\/\/momentumofficespaces.com\/index.php\/wp-json\/wp\/v2\/types\/page"}],"author":[{"embeddable":true,"href":"https:\/\/momentumofficespaces.com\/index.php\/wp-json\/wp\/v2\/users\/1"}],"replies":[{"embeddable":true,"href":"https:\/\/momentumofficespaces.com\/index.php\/wp-json\/wp\/v2\/comments?post=1797"}],"version-history":[{"count":16,"href":"https:\/\/momentumofficespaces.com\/index.php\/wp-json\/wp\/v2\/pages\/1797\/revisions"}],"predecessor-version":[{"id":2262,"href":"https:\/\/momentumofficespaces.com\/index.php\/wp-json\/wp\/v2\/pages\/1797\/revisions\/2262"}],"wp:attachment":[{"href":"https:\/\/momentumofficespaces.com\/index.php\/wp-json\/wp\/v2\/media?parent=1797"}],"curies":[{"name":"wp","href":"https:\/\/api.w.org\/{rel}","templated":true}]}}