{"id":1780,"date":"2025-06-01T13:01:57","date_gmt":"2025-06-01T11:01:57","guid":{"rendered":"https:\/\/momentumofficespaces.com\/?page_id=1780"},"modified":"2025-06-08T13:49:45","modified_gmt":"2025-06-08T11:49:45","slug":"bureaux-plug-play-prets-a-lemploi","status":"publish","type":"page","link":"https:\/\/momentumofficespaces.com\/index.php\/bureaux-plug-play-prets-a-lemploi\/","title":{"rendered":"Bureaux Plug &#038; Play \u2013 Pr\u00eats \u00e0 l\u2019emploi"},"content":{"rendered":"<div class=\"wpb-content-wrapper\"><p>[vc_row][vc_column][vc_empty_space height=\u00a0\u00bb4.25em\u00a0\u00bb alter_height=\u00a0\u00bbnone\u00a0\u00bb hide_on_desktop=\u00a0\u00bb\u00a0\u00bb hide_on_notebook=\u00a0\u00bb\u00a0\u00bb hide_on_tablet=\u00a0\u00bb\u00a0\u00bb hide_on_mobile=\u00a0\u00bb\u00a0\u00bb]<div id=\"sc_title_1925764353\"\n\t\tclass=\"sc_title color_style_default sc_title_default max_width_80_per\"><h3 class=\"sc_item_title sc_title_title sc_align_center sc_item_title_style_default\">Bureaux Plug & Play \u00e0 Casablanca<\/h3><div class=\"sc_item_descr sc_title_descr sc_align_center\"><p>Chez Momentum Office Spaces, vous gagnez en efficacit\u00e9 en choisissant un espace pr\u00eat \u00e0 l\u2019usage, d\u00e9j\u00e0 am\u00e9nag\u00e9 selon les plus hauts standards.<br \/>\nNos bureaux Plug & Play sont pens\u00e9s pour accueillir votre activit\u00e9 d\u00e8s le premier jour dans un environnement professionnel, raffin\u00e9 et enti\u00e8rement \u00e9quip\u00e9.<br \/>\nVous arrivez, vous vous installez, vous travaillez \u2014 nous nous occupons du reste.<\/p>\n<\/div><\/div><!-- \/.sc_title -->[vc_empty_space height=\u00a0\u00bb5.3em\u00a0\u00bb alter_height=\u00a0\u00bbnone\u00a0\u00bb hide_on_desktop=\u00a0\u00bb\u00a0\u00bb hide_on_notebook=\u00a0\u00bb\u00a0\u00bb hide_on_tablet=\u00a0\u00bb1&Prime; hide_on_mobile=\u00a0\u00bb1&Prime;][vc_empty_space height=\u00a0\u00bb2.1em\u00a0\u00bb alter_height=\u00a0\u00bbnone\u00a0\u00bb hide_on_desktop=\u00a0\u00bb1&Prime; hide_on_notebook=\u00a0\u00bb1&Prime; hide_on_tablet=\u00a0\u00bb\u00a0\u00bb hide_on_mobile=\u00a0\u00bb\u00a0\u00bb][vc_single_image image=\u00a0\u00bb1989&Prime; img_size=\u00a0\u00bbfull\u00a0\u00bb alignment=\u00a0\u00bbcenter\u00a0\u00bb css=\u00a0\u00bb\u00a0\u00bb][\/vc_column][\/vc_row][vc_row full_width=\u00a0\u00bbstretch_row_content_no_spaces\u00a0\u00bb][vc_column hide_bg_image_on_tablet=\u00a0\u00bb\u00a0\u00bb hide_bg_image_on_mobile=\u00a0\u00bb\u00a0\u00bb css=\u00a0\u00bb.vc_custom_1749383106516{padding-right: 10% !important;padding-left: 10% !important;}\u00a0\u00bb][vc_empty_space height=\u00a0\u00bb2.85em\u00a0\u00bb alter_height=\u00a0\u00bbnone\u00a0\u00bb hide_on_desktop=\u00a0\u00bb\u00a0\u00bb hide_on_notebook=\u00a0\u00bb\u00a0\u00bb hide_on_tablet=\u00a0\u00bb\u00a0\u00bb hide_on_mobile=\u00a0\u00bb\u00a0\u00bb][vc_empty_space height=\u00a0\u00bb2.85em\u00a0\u00bb alter_height=\u00a0\u00bbnone\u00a0\u00bb hide_on_desktop=\u00a0\u00bb\u00a0\u00bb hide_on_notebook=\u00a0\u00bb\u00a0\u00bb hide_on_tablet=\u00a0\u00bb\u00a0\u00bb hide_on_mobile=\u00a0\u00bb\u00a0\u00bb]<div id=\"sc_title_30434357\"\n\t\tclass=\"sc_title color_style_default sc_title_default max_width_60_per\"><h3 class=\"sc_item_title sc_title_title sc_align_center sc_item_title_style_default\">Ce que comprend votre bureau Plug & Play<\/h3><div class=\"sc_item_descr sc_title_descr sc_align_center\"><ol class=\"trx_addons_list_parameters\">\n<li>Bureaux privatifs ferm\u00e9s, avec mobilier moderne et ergonomique<\/li>\n<li>Connexion internet tr\u00e8s haut d\u00e9bit + Wi-Fi professionnel<\/li>\n<li>T\u00e9l\u00e9phonie IP d\u00e9j\u00e0 install\u00e9e<\/li>\n<li>Accueil physique de vos visiteurs par notre \u00e9quipe<\/li>\n<li>Gestion du courrier et conciergerie<\/li>\n<li>Entretien r\u00e9gulier et d\u00e9sinfection<\/li>\n<li>Charges incluses : \u00e9lectricit\u00e9, climatisation, eau<\/li>\n<li>Badge d\u2019acc\u00e8s s\u00e9curis\u00e9 24h\/24 \u2013 7j\/7<\/li>\n<li>Acc\u00e8s aux espaces communs : lounge, salle de sport, rooftop SKY Momentum<\/li>\n<\/ol>\n<\/div><\/div><!-- \/.sc_title -->[vc_empty_space height=\u00a0\u00bb4.4em\u00a0\u00bb alter_height=\u00a0\u00bbnone\u00a0\u00bb hide_on_desktop=\u00a0\u00bb\u00a0\u00bb hide_on_notebook=\u00a0\u00bb\u00a0\u00bb hide_on_tablet=\u00a0\u00bb1&Prime; hide_on_mobile=\u00a0\u00bb1&Prime;][vc_empty_space height=\u00a0\u00bb2.1em\u00a0\u00bb alter_height=\u00a0\u00bbnone\u00a0\u00bb hide_on_desktop=\u00a0\u00bb\u00a0\u00bb hide_on_notebook=\u00a0\u00bb\u00a0\u00bb hide_on_tablet=\u00a0\u00bb\u00a0\u00bb hide_on_mobile=\u00a0\u00bb\u00a0\u00bb]<div  id=\"sc_promo_1702204786\" \n\tclass=\"sc_promo color_style_default sc_promo_default max_width_70_per sc_promo_size_normal sc_promo_no_paddings sc_promo_image_position_left\"><div class=\"sc_promo_image\" style=\"background-image:url(https:\/\/momentumofficespaces.com\/wp-content\/uploads\/2025\/06\/momentumofficespaces.com-side-view-businesswoman-using-laptop-office-scaled.webp);width:43.5%;left: 0;\"><\/div><div class=\"sc_promo_text\" style=\"width: 56.5%;float: right;\">\n\t\t\t<div class=\"sc_promo_text_inner sc_content_width_56.5%\" style=\"\"><h6 class=\"sc_item_subtitle sc_promo_subtitle sc_align_left sc_item_title_style_default\">Un espace d\u2019\u00e9lite<\/h6><h3 class=\"sc_item_title sc_promo_title sc_align_left sc_item_title_style_default\">\u00c0 qui s\u2019adresse cet espace?<\/h3><div class=\"sc_item_descr sc_promo_descr sc_align_left\"><p>Nos bureaux Plug & Play s\u2019adressent \u00e0 toutes les entreprises \u00e0 la recherche de simplicit\u00e9, de confort et de standing:<\/p>\n<ol class=\"trx_addons_list_parameters\">\n<li>Startups en phase de croissance<\/li>\n<li>PME souhaitant une solution sans contrainte<\/li>\n<li>Filiales de multinationales qui s'implantent \u00e0 Casablanca<\/li>\n<\/ol>\n<\/div><div class=\"sc_item_button sc_button_wrap sc_align_left\"><a href=\"\/index.php\/contact-us\/\" id=\"sc_button_1623282862\" class=\"sc_button color_style_default sc_button_default sc_item_button sc_item_button_default sc_promo_button sc_button_size_normal sc_button_icon_left\"><span class=\"sc_button_text\"><span class=\"sc_button_title\">R\u00e9servez<\/span><\/span><!-- \/.sc_button_text --><\/a><!-- \/.sc_button --><\/div><!-- \/.sc_item_button --><\/div>\n\t\t<\/div><!-- \/.sc_promo_text --><\/div><!-- \/.sc_promo -->[vc_empty_space height=\u00a0\u00bb4.4em\u00a0\u00bb alter_height=\u00a0\u00bbnone\u00a0\u00bb hide_on_desktop=\u00a0\u00bb\u00a0\u00bb hide_on_notebook=\u00a0\u00bb\u00a0\u00bb hide_on_tablet=\u00a0\u00bb1&Prime; hide_on_mobile=\u00a0\u00bb1&Prime;][vc_empty_space height=\u00a0\u00bb4.4em\u00a0\u00bb alter_height=\u00a0\u00bbnone\u00a0\u00bb hide_on_desktop=\u00a0\u00bb\u00a0\u00bb hide_on_notebook=\u00a0\u00bb\u00a0\u00bb hide_on_tablet=\u00a0\u00bb\u00a0\u00bb hide_on_mobile=\u00a0\u00bb\u00a0\u00bb][vc_empty_space height=\u00a0\u00bb2.1em\u00a0\u00bb alter_height=\u00a0\u00bbnone\u00a0\u00bb hide_on_desktop=\u00a0\u00bb\u00a0\u00bb hide_on_notebook=\u00a0\u00bb\u00a0\u00bb hide_on_tablet=\u00a0\u00bb\u00a0\u00bb hide_on_mobile=\u00a0\u00bb\u00a0\u00bb]<div  id=\"sc_promo_1673801782\" \n\tclass=\"sc_promo color_style_default sc_promo_default max_width_70_per sc_promo_size_normal sc_promo_no_paddings sc_promo_image_position_right\"><div class=\"sc_promo_image\" style=\"background-image:url(https:\/\/momentumofficespaces.com\/wp-content\/uploads\/2025\/06\/momentumofficespaces.com-minimalistic-office-interior-scaled.webp);width:43.5%;right: 0;\"><\/div><div class=\"sc_promo_text\" style=\"width: 56.5%;float: left;\">\n\t\t\t<div class=\"sc_promo_text_inner sc_content_width_56.5%\" style=\"\"><h6 class=\"sc_item_subtitle sc_promo_subtitle sc_align_left sc_item_title_style_default\">Collaboration<\/h6><h3 class=\"sc_item_title sc_promo_title sc_align_left sc_item_title_style_default\">Pourquoi opter pour cette solution ?<\/h3><div class=\"sc_item_descr sc_promo_descr sc_align_left\"><p>Situ\u00e9 au c\u0153ur de Casablanca Finance City, Momentum offre \u00e0 ses membres une adresse strat\u00e9gique au sein du principal hub \u00e9conomique africain.<\/p>\n<p>Nous vous offrons:<\/p>\n<ol class=\"trx_addons_list_parameters\">\n<li>0 logistique<\/li>\n<li>Un cadre de travail professionnel et valorisant<\/li>\n<li>Une offre tout inclus sans frais cach\u00e9s<\/li>\n<li>Flexibilit\u00e9 dans la dur\u00e9e<\/li>\n<li>Acc\u00e8s \u00e0 toute l\u2019infrastructure Momentum<\/li>\n<\/ol>\n<p>Rejoignez un \u00e9cosyst\u00e8me d\u2019exception, propice \u00e0 l\u2019ambition et \u00e0 la croissance.<\/p>\n<\/div><div class=\"sc_item_button sc_button_wrap sc_align_left\"><a href=\"\/index.php\/contact-us\/\" id=\"sc_button_993682223\" class=\"sc_button color_style_default sc_button_default sc_item_button sc_item_button_default sc_promo_button sc_button_size_normal sc_button_icon_left\"><span class=\"sc_button_text\"><span class=\"sc_button_title\">R\u00e9servez<\/span><\/span><!-- \/.sc_button_text --><\/a><!-- \/.sc_button --><\/div><!-- \/.sc_item_button --><\/div>\n\t\t<\/div><!-- \/.sc_promo_text --><\/div><!-- \/.sc_promo -->[vc_empty_space height=\u00a0\u00bb2.85em\u00a0\u00bb alter_height=\u00a0\u00bbnone\u00a0\u00bb hide_on_desktop=\u00a0\u00bb\u00a0\u00bb hide_on_notebook=\u00a0\u00bb\u00a0\u00bb hide_on_tablet=\u00a0\u00bb\u00a0\u00bb hide_on_mobile=\u00a0\u00bb\u00a0\u00bb][vc_empty_space height=\u00a0\u00bb2.85em\u00a0\u00bb alter_height=\u00a0\u00bbnone\u00a0\u00bb hide_on_desktop=\u00a0\u00bb\u00a0\u00bb hide_on_notebook=\u00a0\u00bb\u00a0\u00bb hide_on_tablet=\u00a0\u00bb\u00a0\u00bb hide_on_mobile=\u00a0\u00bb\u00a0\u00bb][vc_empty_space height=\u00a0\u00bb2.85em\u00a0\u00bb alter_height=\u00a0\u00bbnone\u00a0\u00bb hide_on_desktop=\u00a0\u00bb\u00a0\u00bb hide_on_notebook=\u00a0\u00bb\u00a0\u00bb hide_on_tablet=\u00a0\u00bb\u00a0\u00bb hide_on_mobile=\u00a0\u00bb\u00a0\u00bb][\/vc_column][\/vc_row][vc_row full_width=\u00a0\u00bbstretch_row\u00a0\u00bb hide_bg_image_on_tablet=\u00a0\u00bb\u00a0\u00bb hide_bg_image_on_mobile=\u00a0\u00bb\u00a0\u00bb css=\u00a0\u00bb.vc_custom_1749170209555{background-image: url(https:\/\/momentumofficespaces.com\/wp-content\/uploads\/2025\/06\/momentumofficespaces.com-modern-luxury-hotel-office-reception-lounge-with-meeting-room-1.webp-scaled.webp?id=1994) !important;background-position: center !important;background-repeat: no-repeat !important;background-size: cover !important;}\u00a0\u00bb][vc_column][vc_empty_space height=\u00a0\u00bb6em\u00a0\u00bb alter_height=\u00a0\u00bbnone\u00a0\u00bb hide_on_desktop=\u00a0\u00bb\u00a0\u00bb hide_on_notebook=\u00a0\u00bb\u00a0\u00bb hide_on_tablet=\u00a0\u00bb\u00a0\u00bb hide_on_mobile=\u00a0\u00bb\u00a0\u00bb][vc_empty_space height=\u00a0\u00bb6em\u00a0\u00bb alter_height=\u00a0\u00bbnone\u00a0\u00bb hide_on_desktop=\u00a0\u00bb\u00a0\u00bb hide_on_notebook=\u00a0\u00bb\u00a0\u00bb hide_on_tablet=\u00a0\u00bb1&Prime; hide_on_mobile=\u00a0\u00bb1&Prime;]<div  id=\"sc_action_1570313471\" \n\tclass=\"sc_action color_style_default scheme_dark sc_action_default\"><div class=\"sc_action_content sc_item_content\"><div class=\"sc_action_item sc_action_item_default sc_action_item_ml\">\n\t\t\t<h3 class=\"sc_action_item_title\"><span><span class=\"sc_action_item_title_part\">Installez-vous d\u00e8s maintenant.<\/span><span class=\"sc_action_item_title_part\"><\/span><\/span><\/h3><\/div><\/div><\/div><!-- \/.sc_action -->[vc_empty_space height=\u00a0\u00bb2.5em\u00a0\u00bb alter_height=\u00a0\u00bbnone\u00a0\u00bb hide_on_desktop=\u00a0\u00bb\u00a0\u00bb hide_on_notebook=\u00a0\u00bb\u00a0\u00bb hide_on_tablet=\u00a0\u00bb\u00a0\u00bb hide_on_mobile=\u00a0\u00bb\u00a0\u00bb]<a href=\"\/index.php\/contact-us\/\" id=\"sc_button_1698508957\" class=\"sc_button color_style_default sc_button_default sc_button_size_normal sc_button_icon_left\"><span class=\"sc_button_text sc_align_center\"><span class=\"sc_button_title\">Demander un devis<\/span><\/span><!-- \/.sc_button_text --><\/a><!-- \/.sc_button -->[vc_empty_space height=\u00a0\u00bb6em\u00a0\u00bb alter_height=\u00a0\u00bbnone\u00a0\u00bb hide_on_desktop=\u00a0\u00bb\u00a0\u00bb hide_on_notebook=\u00a0\u00bb\u00a0\u00bb hide_on_tablet=\u00a0\u00bb\u00a0\u00bb hide_on_mobile=\u00a0\u00bb\u00a0\u00bb][vc_empty_space height=\u00a0\u00bb6em\u00a0\u00bb alter_height=\u00a0\u00bbnone\u00a0\u00bb hide_on_desktop=\u00a0\u00bb\u00a0\u00bb hide_on_notebook=\u00a0\u00bb\u00a0\u00bb hide_on_tablet=\u00a0\u00bb1&Prime; hide_on_mobile=\u00a0\u00bb1&Prime;][\/vc_column][\/vc_row]<\/p>\n<\/div>","protected":false},"excerpt":{"rendered":"<p>[vc_row][vc_column][vc_empty_space height=\u00a0\u00bb4.25em\u00a0\u00bb alter_height=\u00a0\u00bbnone\u00a0\u00bb hide_on_desktop=\u00a0\u00bb\u00a0\u00bb hide_on_notebook=\u00a0\u00bb\u00a0\u00bb hide_on_tablet=\u00a0\u00bb\u00a0\u00bb hide_on_mobile=\u00a0\u00bb\u00a0\u00bb][vc_empty_space height=\u00a0\u00bb5.3em\u00a0\u00bb alter_height=\u00a0\u00bbnone\u00a0\u00bb hide_on_desktop=\u00a0\u00bb\u00a0\u00bb hide_on_notebook=\u00a0\u00bb\u00a0\u00bb hide_on_tablet=\u00a0\u00bb1&Prime; hide_on_mobile=\u00a0\u00bb1&Prime;][vc_empty_space height=\u00a0\u00bb2.1em\u00a0\u00bb alter_height=\u00a0\u00bbnone\u00a0\u00bb hide_on_desktop=\u00a0\u00bb1&Prime; hide_on_notebook=\u00a0\u00bb1&Prime; hide_on_tablet=\u00a0\u00bb\u00a0\u00bb hide_on_mobile=\u00a0\u00bb\u00a0\u00bb][vc_single_image image=\u00a0\u00bb1989&Prime; img_size=\u00a0\u00bbfull\u00a0\u00bb alignment=\u00a0\u00bbcenter\u00a0\u00bb css=\u00a0\u00bb\u00a0\u00bb][\/vc_column][\/vc_row][vc_row full_width=\u00a0\u00bbstretch_row_content_no_spaces\u00a0\u00bb][vc_column hide_bg_image_on_tablet=\u00a0\u00bb\u00a0\u00bb hide_bg_image_on_mobile=\u00a0\u00bb\u00a0\u00bb css=\u00a0\u00bb.vc_custom_1749383106516{padding-right: 10% !important;padding-left: 10%&hellip;<\/p>\n","protected":false},"author":1,"featured_media":0,"parent":0,"menu_order":0,"comment_status":"closed","ping_status":"closed","template":"","meta":{"footnotes":""},"class_list":["post-1780","page","type-page","status-publish","hentry"],"_links":{"self":[{"href":"https:\/\/momentumofficespaces.com\/index.php\/wp-json\/wp\/v2\/pages\/1780","targetHints":{"allow":["GET"]}}],"collection":[{"href":"https:\/\/momentumofficespaces.com\/index.php\/wp-json\/wp\/v2\/pages"}],"about":[{"href":"https:\/\/momentumofficespaces.com\/index.php\/wp-json\/wp\/v2\/types\/page"}],"author":[{"embeddable":true,"href":"https:\/\/momentumofficespaces.com\/index.php\/wp-json\/wp\/v2\/users\/1"}],"replies":[{"embeddable":true,"href":"https:\/\/momentumofficespaces.com\/index.php\/wp-json\/wp\/v2\/comments?post=1780"}],"version-history":[{"count":25,"href":"https:\/\/momentumofficespaces.com\/index.php\/wp-json\/wp\/v2\/pages\/1780\/revisions"}],"predecessor-version":[{"id":2167,"href":"https:\/\/momentumofficespaces.com\/index.php\/wp-json\/wp\/v2\/pages\/1780\/revisions\/2167"}],"wp:attachment":[{"href":"https:\/\/momentumofficespaces.com\/index.php\/wp-json\/wp\/v2\/media?parent=1780"}],"curies":[{"name":"wp","href":"https:\/\/api.w.org\/{rel}","templated":true}]}}