{"id":177,"date":"2017-10-04T11:45:27","date_gmt":"2017-10-04T11:45:27","guid":{"rendered":"https:\/\/momentumofficespaces.com\/?page_id=177"},"modified":"2025-06-16T19:42:12","modified_gmt":"2025-06-16T17:42:12","slug":"nos-espaces","status":"publish","type":"page","link":"https:\/\/momentumofficespaces.com\/index.php\/nos-espaces\/","title":{"rendered":"Nos Espaces"},"content":{"rendered":"<div class=\"wpb-content-wrapper\"><p>[vc_row full_width=\u00a0\u00bbstretch_row\u00a0\u00bb hide_bg_image_on_tablet=\u00a0\u00bb\u00a0\u00bb hide_bg_image_on_mobile=\u00a0\u00bb\u00a0\u00bb][vc_column][vc_empty_space height=\u00a0\u00bb4.35em\u00a0\u00bb alter_height=\u00a0\u00bbnone\u00a0\u00bb hide_on_desktop=\u00a0\u00bb\u00a0\u00bb hide_on_notebook=\u00a0\u00bb\u00a0\u00bb hide_on_tablet=\u00a0\u00bb\u00a0\u00bb hide_on_mobile=\u00a0\u00bb\u00a0\u00bb]<div id=\"sc_title_649405977\"\n\t\tclass=\"sc_title color_style_default sc_title_default\"><h3 class=\"sc_item_title sc_title_title sc_align_center sc_item_title_style_default\">Nos Espaces<\/h3><div class=\"sc_item_descr sc_title_descr sc_align_center\"><p>Chez Momentum Office Spaces, chaque entreprise m\u00e9rite un espace \u00e0 la hauteur de ses objectifs.<\/p>\n<p>Que vous soyez une startup en pleine croissance, une PME agile ou une multinationale en qu\u00eate de prestige, nous vous proposons des solutions flexibles, \u00e9volutives et enti\u00e8rement \u00e9quip\u00e9es.<\/p>\n<p>Nos espaces sont con\u00e7us pour s\u2019adapter \u00e0 votre fa\u00e7on de travailler, dans un cadre professionnel premium au c\u0153ur de Casablanca Finance City.<\/p>\n<\/div><\/div><!-- \/.sc_title -->[vc_empty_space height=\u00a0\u00bb4.35em\u00a0\u00bb alter_height=\u00a0\u00bbnone\u00a0\u00bb hide_on_desktop=\u00a0\u00bb\u00a0\u00bb hide_on_notebook=\u00a0\u00bb\u00a0\u00bb hide_on_tablet=\u00a0\u00bb1&Prime; hide_on_mobile=\u00a0\u00bb1&Prime;][vc_empty_space height=\u00a0\u00bb4.35em\u00a0\u00bb alter_height=\u00a0\u00bbnone\u00a0\u00bb hide_on_desktop=\u00a0\u00bb\u00a0\u00bb hide_on_notebook=\u00a0\u00bb\u00a0\u00bb hide_on_tablet=\u00a0\u00bb1&Prime; hide_on_mobile=\u00a0\u00bb1&Prime;][vc_empty_space height=\u00a0\u00bb1.5em\u00a0\u00bb alter_height=\u00a0\u00bbnone\u00a0\u00bb hide_on_desktop=\u00a0\u00bb1&Prime; hide_on_notebook=\u00a0\u00bb1&Prime; hide_on_tablet=\u00a0\u00bb\u00a0\u00bb hide_on_mobile=\u00a0\u00bb\u00a0\u00bb]<div  id=\"sc_promo_1920490742\" \n\tclass=\"sc_promo color_style_default sc_promo_default sc_promo_size_normal sc_promo_no_paddings sc_promo_image_position_left\"><div class=\"sc_promo_image\" style=\"background-image:url(https:\/\/momentumofficespaces.com\/wp-content\/uploads\/2025\/06\/momentumofficespaces.com-minimalist-office-interior-design-scaled.webp);width:43.5%;left: 0;\"><\/div><div class=\"sc_promo_text\" style=\"width: 56.5%;float: right;\">\n\t\t\t<div class=\"sc_promo_text_inner sc_content_width_56.5%\" style=\"\"><h3 class=\"sc_item_title sc_promo_title sc_align_left sc_item_title_style_default\">Bureaux Plug & Play \u2013 Pr\u00eats \u00e0 l\u2019emploi<\/h3><div class=\"sc_item_descr sc_promo_descr sc_align_left\"><p>Des bureaux privatifs \u00e9l\u00e9gants, enti\u00e8rement meubl\u00e9s, avec internet, accueil, entretien et s\u00e9curit\u00e9 inclus.<br \/>\nVous n\u2019avez plus qu\u2019\u00e0 vous installer.<\/p>\n<\/div><div class=\"sc_promo_content sc_item_content\">[vc_empty_space height=\u00a0\u00bb4.35em\u00a0\u00bb alter_height=\u00a0\u00bbnone\u00a0\u00bb hide_on_desktop=\u00a0\u00bb\u00a0\u00bb hide_on_notebook=\u00a0\u00bb\u00a0\u00bb hide_on_tablet=\u00a0\u00bb1&Prime; hide_on_mobile=\u00a0\u00bb1&Prime;]<div class=\"sc_item_button sc_button_wrap sc_align_center\"><a href=\"\/index.php\/bureaux-plug-play-prets-a-lemploi\/\" id=\"sc_button_670239759\" class=\"sc_button color_style_default sc_button_default sc_button_size_normal sc_button_icon_left\"><span class=\"sc_button_text\"><span class=\"sc_button_title\">En savoir plus<\/span><\/span><!-- \/.sc_button_text --><\/a><!-- \/.sc_button --><\/div><!-- \/.sc_item_button --><\/div><\/div>\n\t\t<\/div><!-- \/.sc_promo_text --><\/div><!-- \/.sc_promo -->[vc_empty_space height=\u00a0\u00bb4.35em\u00a0\u00bb alter_height=\u00a0\u00bbnone\u00a0\u00bb hide_on_desktop=\u00a0\u00bb\u00a0\u00bb hide_on_notebook=\u00a0\u00bb\u00a0\u00bb hide_on_tablet=\u00a0\u00bb1&Prime; hide_on_mobile=\u00a0\u00bb1&Prime;][vc_empty_space height=\u00a0\u00bb4.35em\u00a0\u00bb alter_height=\u00a0\u00bbnone\u00a0\u00bb hide_on_desktop=\u00a0\u00bb\u00a0\u00bb hide_on_notebook=\u00a0\u00bb\u00a0\u00bb hide_on_tablet=\u00a0\u00bb1&Prime; hide_on_mobile=\u00a0\u00bb1&Prime;][vc_empty_space height=\u00a0\u00bb4.35em\u00a0\u00bb alter_height=\u00a0\u00bbnone\u00a0\u00bb hide_on_desktop=\u00a0\u00bb\u00a0\u00bb hide_on_notebook=\u00a0\u00bb\u00a0\u00bb hide_on_tablet=\u00a0\u00bb\u00a0\u00bb hide_on_mobile=\u00a0\u00bb\u00a0\u00bb]<div  id=\"sc_promo_1348627949\" \n\tclass=\"sc_promo color_style_default sc_promo_default sc_promo_size_normal sc_promo_no_paddings sc_promo_image_position_right\"><div class=\"sc_promo_image\" style=\"background-image:url(https:\/\/momentumofficespaces.com\/wp-content\/uploads\/2025\/06\/momentumofficespaces.com-photo-library-with-no-people-scaled.webp);width:43.5%;right: 0;\"><\/div><div class=\"sc_promo_text\" style=\"width: 56.5%;float: left;\">\n\t\t\t<div class=\"sc_promo_text_inner sc_content_width_56.5%\" style=\"\"><h3 class=\"sc_item_title sc_promo_title sc_align_left sc_item_title_style_default\">Coworking \u2013 Espaces partag\u00e9s premium<\/h3><div class=\"sc_item_descr sc_promo_descr sc_align_left\"><p>Travailler en toute flexibilit\u00e9 dans un environnement dynamique, connect\u00e9 et inspirant.<br \/>\nId\u00e9al pour freelances, consultants et jeunes startups.<\/p>\n<\/div><div class=\"sc_promo_content sc_item_content\">[vc_empty_space height=\u00a0\u00bb4.35em\u00a0\u00bb alter_height=\u00a0\u00bbnone\u00a0\u00bb hide_on_desktop=\u00a0\u00bb\u00a0\u00bb hide_on_notebook=\u00a0\u00bb\u00a0\u00bb hide_on_tablet=\u00a0\u00bb1&Prime; hide_on_mobile=\u00a0\u00bb1&Prime;]<div class=\"sc_item_button sc_button_wrap sc_align_center\"><a href=\"\/index.php\/coworking-espaces-partages-premium\/\" id=\"sc_button_2137894895\" class=\"sc_button color_style_default sc_button_default sc_button_size_normal sc_button_icon_left\"><span class=\"sc_button_text\"><span class=\"sc_button_title\">D\u00e9couvrez le coworking<\/span><\/span><!-- \/.sc_button_text --><\/a><!-- \/.sc_button --><\/div><!-- \/.sc_item_button --><\/div><\/div>\n\t\t<\/div><!-- \/.sc_promo_text --><\/div><!-- \/.sc_promo -->[vc_empty_space height=\u00a0\u00bb1em\u00a0\u00bb alter_height=\u00a0\u00bbnone\u00a0\u00bb hide_on_desktop=\u00a0\u00bb\u00a0\u00bb hide_on_notebook=\u00a0\u00bb\u00a0\u00bb hide_on_tablet=\u00a0\u00bb\u00a0\u00bb hide_on_mobile=\u00a0\u00bb\u00a0\u00bb][vc_empty_space height=\u00a0\u00bb4.35em\u00a0\u00bb alter_height=\u00a0\u00bbnone\u00a0\u00bb hide_on_desktop=\u00a0\u00bb\u00a0\u00bb hide_on_notebook=\u00a0\u00bb\u00a0\u00bb hide_on_tablet=\u00a0\u00bb1&Prime; hide_on_mobile=\u00a0\u00bb1&Prime;][vc_empty_space height=\u00a0\u00bb4.35em\u00a0\u00bb alter_height=\u00a0\u00bbnone\u00a0\u00bb hide_on_desktop=\u00a0\u00bb\u00a0\u00bb hide_on_notebook=\u00a0\u00bb\u00a0\u00bb hide_on_tablet=\u00a0\u00bb1&Prime; hide_on_mobile=\u00a0\u00bb1&Prime;][vc_empty_space height=\u00a0\u00bb4.35em\u00a0\u00bb alter_height=\u00a0\u00bbnone\u00a0\u00bb hide_on_desktop=\u00a0\u00bb\u00a0\u00bb hide_on_notebook=\u00a0\u00bb\u00a0\u00bb hide_on_tablet=\u00a0\u00bb\u00a0\u00bb hide_on_mobile=\u00a0\u00bb\u00a0\u00bb]<div  id=\"sc_promo_228137211\" \n\tclass=\"sc_promo color_style_default sc_promo_default sc_promo_size_normal sc_promo_no_paddings sc_promo_image_position_left\"><div class=\"sc_promo_image\" style=\"background-image:url(https:\/\/momentumofficespaces.com\/wp-content\/uploads\/2025\/06\/momentumofficespaces.com-3d-rendering-open-space-office-interior_265260-68.webp);width:43.5%;left: 0;\"><\/div><div class=\"sc_promo_text\" style=\"width: 56.5%;float: right;\">\n\t\t\t<div class=\"sc_promo_text_inner sc_content_width_56.5%\" style=\"\"><h3 class=\"sc_item_title sc_promo_title sc_align_left sc_item_title_style_default\">Grandes Surfaces personnalisables<\/h3><div class=\"sc_item_descr sc_promo_descr sc_align_left\"><p>Plateaux ind\u00e9pendants \u00e0 am\u00e9nager selon votre image, votre marque et vos besoins.<br \/>\nBranding, configuration, mobilier, tout est sur-mesure.<\/p>\n<\/div><div class=\"sc_promo_content sc_item_content\">[vc_empty_space height=\u00a0\u00bb4.35em\u00a0\u00bb alter_height=\u00a0\u00bbnone\u00a0\u00bb hide_on_desktop=\u00a0\u00bb\u00a0\u00bb hide_on_notebook=\u00a0\u00bb\u00a0\u00bb hide_on_tablet=\u00a0\u00bb1&Prime; hide_on_mobile=\u00a0\u00bb1&Prime;]<div class=\"sc_item_button sc_button_wrap sc_align_center\"><a href=\"\/index.php\/grandes-surfaces-personnalisables\/\" id=\"sc_button_1121874269\" class=\"sc_button color_style_default sc_button_default sc_button_size_normal sc_button_icon_left\"><span class=\"sc_button_text\"><span class=\"sc_button_title\">Cr\u00e9ez votre espace sur mesure<\/span><\/span><!-- \/.sc_button_text --><\/a><!-- \/.sc_button --><\/div><!-- \/.sc_item_button --><\/div><\/div>\n\t\t<\/div><!-- \/.sc_promo_text --><\/div><!-- \/.sc_promo -->[vc_empty_space height=\u00a0\u00bb4.35em\u00a0\u00bb alter_height=\u00a0\u00bbnone\u00a0\u00bb hide_on_desktop=\u00a0\u00bb\u00a0\u00bb hide_on_notebook=\u00a0\u00bb\u00a0\u00bb hide_on_tablet=\u00a0\u00bb1&Prime; hide_on_mobile=\u00a0\u00bb1&Prime;][vc_empty_space height=\u00a0\u00bb4.35em\u00a0\u00bb alter_height=\u00a0\u00bbnone\u00a0\u00bb hide_on_desktop=\u00a0\u00bb\u00a0\u00bb hide_on_notebook=\u00a0\u00bb\u00a0\u00bb hide_on_tablet=\u00a0\u00bb1&Prime; hide_on_mobile=\u00a0\u00bb1&Prime;][vc_empty_space height=\u00a0\u00bb4.35em\u00a0\u00bb alter_height=\u00a0\u00bbnone\u00a0\u00bb hide_on_desktop=\u00a0\u00bb\u00a0\u00bb hide_on_notebook=\u00a0\u00bb\u00a0\u00bb hide_on_tablet=\u00a0\u00bb\u00a0\u00bb hide_on_mobile=\u00a0\u00bb\u00a0\u00bb]<div  id=\"sc_promo_883241357\" \n\tclass=\"sc_promo color_style_default sc_promo_default sc_promo_size_normal sc_promo_no_paddings sc_promo_image_position_right\"><div class=\"sc_promo_image\" style=\"background-image:url(https:\/\/momentumofficespaces.com\/wp-content\/uploads\/2025\/06\/momentumofficespaces.com-screen-office-room-furniture-scaled.webp);width:43.5%;right: 0;\"><\/div><div class=\"sc_promo_text\" style=\"width: 56.5%;float: left;\">\n\t\t\t<div class=\"sc_promo_text_inner sc_content_width_56.5%\" style=\"\"><h3 class=\"sc_item_title sc_promo_title sc_align_left sc_item_title_style_default\">Salles de r\u00e9union <br \/> & formation<\/h3><div class=\"sc_item_descr sc_promo_descr sc_align_left\"><p>Nos salles de r\u00e9union et de formation sont con\u00e7ues pour s\u2019adapter \u00e0 vos besoins professionnels.<br \/>\n\u00c9quip\u00e9es de technologies modernes, elles offrent un cadre confortable et fonctionnel, id\u00e9al pour organiser vos r\u00e9unions d\u2019\u00e9quipe, rendez-vous clients, ateliers ou sessions de formation dans un environnement propice \u00e0 la concentration et \u00e0 la collaboration.<\/p>\n<\/div><div class=\"sc_promo_content sc_item_content\">[vc_empty_space height=\u00a0\u00bb4.35em\u00a0\u00bb alter_height=\u00a0\u00bbnone\u00a0\u00bb hide_on_desktop=\u00a0\u00bb\u00a0\u00bb hide_on_notebook=\u00a0\u00bb\u00a0\u00bb hide_on_tablet=\u00a0\u00bb1&Prime; hide_on_mobile=\u00a0\u00bb1&Prime;]<div class=\"sc_item_button sc_button_wrap sc_align_center\"><a href=\"\/index.php\/salles-de-reunion-de-formation\/\" id=\"sc_button_203716836\" class=\"sc_button color_style_default sc_button_default sc_button_size_normal sc_button_icon_left\"><span class=\"sc_button_text\"><span class=\"sc_button_title\">D\u00e9couvrez les espaces partag\u00e9s<\/span><\/span><!-- \/.sc_button_text --><\/a><!-- \/.sc_button --><\/div><!-- \/.sc_item_button --><\/div><\/div>\n\t\t<\/div><!-- \/.sc_promo_text --><\/div><!-- \/.sc_promo -->[vc_empty_space height=\u00a0\u00bb4.35em\u00a0\u00bb alter_height=\u00a0\u00bbnone\u00a0\u00bb hide_on_desktop=\u00a0\u00bb\u00a0\u00bb hide_on_notebook=\u00a0\u00bb\u00a0\u00bb hide_on_tablet=\u00a0\u00bb1&Prime; hide_on_mobile=\u00a0\u00bb1&Prime;][vc_empty_space height=\u00a0\u00bb4.35em\u00a0\u00bb alter_height=\u00a0\u00bbnone\u00a0\u00bb hide_on_desktop=\u00a0\u00bb\u00a0\u00bb hide_on_notebook=\u00a0\u00bb\u00a0\u00bb hide_on_tablet=\u00a0\u00bb1&Prime; hide_on_mobile=\u00a0\u00bb1&Prime;][vc_empty_space height=\u00a0\u00bb4.8em\u00a0\u00bb alter_height=\u00a0\u00bbnone\u00a0\u00bb hide_on_desktop=\u00a0\u00bb\u00a0\u00bb hide_on_notebook=\u00a0\u00bb\u00a0\u00bb hide_on_tablet=\u00a0\u00bb\u00a0\u00bb hide_on_mobile=\u00a0\u00bb\u00a0\u00bb][\/vc_column][\/vc_row][vc_row full_width=\u00a0\u00bbstretch_row\u00a0\u00bb extra_bg_mask=\u00a0\u00bb5&Prime; hide_bg_image_on_tablet=\u00a0\u00bb\u00a0\u00bb hide_bg_image_on_mobile=\u00a0\u00bb\u00a0\u00bb css=\u00a0\u00bb.vc_custom_1748544293067{background: #000000 url(https:\/\/momentumofficespaces.com\/wp-content\/uploads\/2025\/05\/momentumofficespace.com-hero-banner-scaled.webp?id=1716) !important;background-position: center !important;background-repeat: no-repeat !important;background-size: cover !important;}\u00a0\u00bb][vc_column][vc_empty_space height=\u00a0\u00bb6em\u00a0\u00bb alter_height=\u00a0\u00bbnone\u00a0\u00bb hide_on_desktop=\u00a0\u00bb\u00a0\u00bb hide_on_notebook=\u00a0\u00bb\u00a0\u00bb hide_on_tablet=\u00a0\u00bb\u00a0\u00bb hide_on_mobile=\u00a0\u00bb\u00a0\u00bb][vc_empty_space height=\u00a0\u00bb6em\u00a0\u00bb alter_height=\u00a0\u00bbnone\u00a0\u00bb hide_on_desktop=\u00a0\u00bb\u00a0\u00bb hide_on_notebook=\u00a0\u00bb\u00a0\u00bb hide_on_tablet=\u00a0\u00bb1&Prime; hide_on_mobile=\u00a0\u00bb1&Prime;]<div  id=\"sc_action_445644595\" \n\tclass=\"sc_action color_style_dark scheme_dark sc_action_simple\"><div class=\"sc_action_content sc_item_content\"><div class=\"sc_action_item sc_action_item_simple sc_action_item_mc\">\n\t\t\t<h3 class=\"sc_action_item_title\"><span>Besoin d\u2019un accompagnement personnalis\u00e9 ?<\/span><\/h3><div class=\"sc_action_item_description\"><span>Nos \u00e9quipes vous conseillent et vous accompagnent dans le choix de votre espace.<\/span><span>Contactez-nous pour planifier une visite ou recevoir une proposition sur mesure.<\/span><\/div><\/div><\/div><\/div><!-- \/.sc_action -->[vc_empty_space height=\u00a0\u00bb2.75em\u00a0\u00bb alter_height=\u00a0\u00bbnone\u00a0\u00bb hide_on_desktop=\u00a0\u00bb\u00a0\u00bb hide_on_notebook=\u00a0\u00bb\u00a0\u00bb hide_on_tablet=\u00a0\u00bb\u00a0\u00bb hide_on_mobile=\u00a0\u00bb\u00a0\u00bb]<div class=\"sc_item_button sc_button_wrap sc_align_center\"><a href=\"\/index.php\/contact-us\/\" id=\"sc_button_669486513\" class=\"sc_button color_style_default sc_button_default sc_button_size_normal sc_button_icon_left\"><span class=\"sc_button_text\"><span class=\"sc_button_title\">Nous contacter<\/span><\/span><!-- \/.sc_button_text --><\/a><!-- \/.sc_button --><\/div><!-- \/.sc_item_button -->[vc_empty_space height=\u00a0\u00bb6em\u00a0\u00bb alter_height=\u00a0\u00bbnone\u00a0\u00bb hide_on_desktop=\u00a0\u00bb\u00a0\u00bb hide_on_notebook=\u00a0\u00bb\u00a0\u00bb hide_on_tablet=\u00a0\u00bb\u00a0\u00bb hide_on_mobile=\u00a0\u00bb\u00a0\u00bb][vc_empty_space height=\u00a0\u00bb6em\u00a0\u00bb alter_height=\u00a0\u00bbnone\u00a0\u00bb hide_on_desktop=\u00a0\u00bb\u00a0\u00bb hide_on_notebook=\u00a0\u00bb\u00a0\u00bb hide_on_tablet=\u00a0\u00bb1&Prime; hide_on_mobile=\u00a0\u00bb1&Prime;][\/vc_column][\/vc_row][vc_row full_width=\u00a0\u00bbstretch_row_content\u00a0\u00bb hide_bg_image_on_tablet=\u00a0\u00bb\u00a0\u00bb hide_bg_image_on_mobile=\u00a0\u00bb\u00a0\u00bb css=\u00a0\u00bb.vc_custom_1748281507152{background-color: #7A99AC !important;}\u00a0\u00bb][vc_column]<div id=\"sc_services_64839861\" class=\"sc_services color_style_default scheme_dark sc_services_list sc_services_featured_top  vc_custom_1748466271994\"><div class=\"sc_services_columns_wrap sc_item_columns sc_item_columns_4 trx_addons_columns_wrap no_margin\"><div class=\"trx_addons_column-1_4\"><div class=\"sc_services_item without_content with_icon sc_services_item_featured_top\">\n\t<a href=\"https:\/\/momentumofficespaces.com\/index.php\/services\/cadre-haut-de-gamme-networking\/\"\n\t\t\t id=\"sc_services_64839861_icon-location_1\"\n\t\t\t class=\"sc_services_item_icon icon-location\"><\/a>\t\n\t<div class=\"sc_services_item_info\">\n\t\t<div class=\"sc_services_item_header\">\n\t\t\t<h6 class=\"sc_services_item_title\"><a href=\"https:\/\/momentumofficespaces.com\/index.php\/services\/cadre-haut-de-gamme-networking\/\">Cadre Haut de Gamme &amp; Networking<\/a><\/h6>\n\t\t<\/div>\n\t\t\t<\/div>\n<\/div>\n<\/div><div class=\"trx_addons_column-1_4\"><div class=\"sc_services_item without_content with_icon sc_services_item_featured_top\">\n\t<a href=\"https:\/\/momentumofficespaces.com\/index.php\/services\/accessibilite-optimale\/\"\n\t\t\t id=\"sc_services_64839861_icon-bus_2\"\n\t\t\t class=\"sc_services_item_icon icon-bus\"><\/a>\t\n\t<div class=\"sc_services_item_info\">\n\t\t<div class=\"sc_services_item_header\">\n\t\t\t<h6 class=\"sc_services_item_title\"><a href=\"https:\/\/momentumofficespaces.com\/index.php\/services\/accessibilite-optimale\/\">Accessibilite Optimale<\/a><\/h6>\n\t\t<\/div>\n\t\t\t<\/div>\n<\/div>\n<\/div><div class=\"trx_addons_column-1_4\"><div class=\"sc_services_item without_content with_icon sc_services_item_featured_top\">\n\t<a href=\"https:\/\/momentumofficespaces.com\/index.php\/services\/100-hectares-despaces-verts\/\"\n\t\t\t id=\"sc_services_64839861_icon-pagelines_3\"\n\t\t\t class=\"sc_services_item_icon icon-pagelines\"><\/a>\t\n\t<div class=\"sc_services_item_info\">\n\t\t<div class=\"sc_services_item_header\">\n\t\t\t<h6 class=\"sc_services_item_title\"><a href=\"https:\/\/momentumofficespaces.com\/index.php\/services\/100-hectares-despaces-verts\/\">100 Hectares d&rsquo;espaces verts<\/a><\/h6>\n\t\t<\/div>\n\t\t\t<\/div>\n<\/div>\n<\/div><div class=\"trx_addons_column-1_4\"><div class=\"sc_services_item without_content with_icon sc_services_item_featured_top\">\n\t<a href=\"https:\/\/momentumofficespaces.com\/index.php\/services\/emplacement-strategique\/\"\n\t\t\t id=\"sc_services_64839861_icon-location_4\"\n\t\t\t class=\"sc_services_item_icon icon-location\"><\/a>\t\n\t<div class=\"sc_services_item_info\">\n\t\t<div class=\"sc_services_item_header\">\n\t\t\t<h6 class=\"sc_services_item_title\"><a href=\"https:\/\/momentumofficespaces.com\/index.php\/services\/emplacement-strategique\/\">Emplacement Strategique<\/a><\/h6>\n\t\t<\/div>\n\t\t\t<\/div>\n<\/div>\n<\/div><\/div><\/div><!-- \/.sc_services -->[\/vc_column][\/vc_row]<\/p>\n<\/div>","protected":false},"excerpt":{"rendered":"<p>[vc_row full_width=\u00a0\u00bbstretch_row\u00a0\u00bb hide_bg_image_on_tablet=\u00a0\u00bb\u00a0\u00bb hide_bg_image_on_mobile=\u00a0\u00bb\u00a0\u00bb][vc_column][vc_empty_space height=\u00a0\u00bb4.35em\u00a0\u00bb alter_height=\u00a0\u00bbnone\u00a0\u00bb hide_on_desktop=\u00a0\u00bb\u00a0\u00bb hide_on_notebook=\u00a0\u00bb\u00a0\u00bb hide_on_tablet=\u00a0\u00bb\u00a0\u00bb hide_on_mobile=\u00a0\u00bb\u00a0\u00bb][vc_empty_space height=\u00a0\u00bb4.35em\u00a0\u00bb alter_height=\u00a0\u00bbnone\u00a0\u00bb hide_on_desktop=\u00a0\u00bb\u00a0\u00bb hide_on_notebook=\u00a0\u00bb\u00a0\u00bb hide_on_tablet=\u00a0\u00bb1&Prime; hide_on_mobile=\u00a0\u00bb1&Prime;][vc_empty_space height=\u00a0\u00bb4.35em\u00a0\u00bb alter_height=\u00a0\u00bbnone\u00a0\u00bb hide_on_desktop=\u00a0\u00bb\u00a0\u00bb hide_on_notebook=\u00a0\u00bb\u00a0\u00bb hide_on_tablet=\u00a0\u00bb1&Prime; hide_on_mobile=\u00a0\u00bb1&Prime;][vc_empty_space height=\u00a0\u00bb1.5em\u00a0\u00bb alter_height=\u00a0\u00bbnone\u00a0\u00bb hide_on_desktop=\u00a0\u00bb1&Prime; hide_on_notebook=\u00a0\u00bb1&Prime; hide_on_tablet=\u00a0\u00bb\u00a0\u00bb hide_on_mobile=\u00a0\u00bb\u00a0\u00bb][vc_empty_space height=\u00a0\u00bb4.35em\u00a0\u00bb alter_height=\u00a0\u00bbnone\u00a0\u00bb&hellip;<\/p>\n","protected":false},"author":1,"featured_media":0,"parent":0,"menu_order":0,"comment_status":"closed","ping_status":"closed","template":"","meta":{"footnotes":""},"class_list":["post-177","page","type-page","status-publish","hentry"],"_links":{"self":[{"href":"https:\/\/momentumofficespaces.com\/index.php\/wp-json\/wp\/v2\/pages\/177","targetHints":{"allow":["GET"]}}],"collection":[{"href":"https:\/\/momentumofficespaces.com\/index.php\/wp-json\/wp\/v2\/pages"}],"about":[{"href":"https:\/\/momentumofficespaces.com\/index.php\/wp-json\/wp\/v2\/types\/page"}],"author":[{"embeddable":true,"href":"https:\/\/momentumofficespaces.com\/index.php\/wp-json\/wp\/v2\/users\/1"}],"replies":[{"embeddable":true,"href":"https:\/\/momentumofficespaces.com\/index.php\/wp-json\/wp\/v2\/comments?post=177"}],"version-history":[{"count":40,"href":"https:\/\/momentumofficespaces.com\/index.php\/wp-json\/wp\/v2\/pages\/177\/revisions"}],"predecessor-version":[{"id":2272,"href":"https:\/\/momentumofficespaces.com\/index.php\/wp-json\/wp\/v2\/pages\/177\/revisions\/2272"}],"wp:attachment":[{"href":"https:\/\/momentumofficespaces.com\/index.php\/wp-json\/wp\/v2\/media?parent=177"}],"curies":[{"name":"wp","href":"https:\/\/api.w.org\/{rel}","templated":true}]}}